{"id":1324,"date":"2024-11-04T06:22:27","date_gmt":"2024-11-04T06:22:27","guid":{"rendered":"https:\/\/www.oscoo.com\/?page_id=1324"},"modified":"2024-12-04T03:25:25","modified_gmt":"2024-12-04T03:25:25","slug":"applications-surveillance","status":"publish","type":"page","link":"https:\/\/www.oscoo.com\/pt\/applications-surveillance\/","title":{"rendered":"Vigil\u00e2ncia"},"content":{"rendered":"<div data-elementor-type=\"wp-page\" data-elementor-id=\"1324\" class=\"elementor elementor-1324\" data-elementor-post-type=\"page\">\n\t\t\t\t<div class=\"elementor-element elementor-element-90c7a08 e-flex e-con-boxed e-con e-parent\" data-id=\"90c7a08\" data-element_type=\"container\" data-settings=\"{&quot;background_background&quot;:&quot;classic&quot;}\">\n\t\t\t\t\t<div class=\"e-con-inner\">\n\t\t\t\t<div class=\"elementor-element elementor-element-fb1153d elementor-widget elementor-widget-heading\" data-id=\"fb1153d\" data-element_type=\"widget\" data-widget_type=\"heading.default\">\n\t\t\t\t<div class=\"elementor-widget-container\">\n\t\t\t<h1 class=\"elementor-heading-title elementor-size-default\">Aplica\u00e7\u00e3o &gt;&gt; Vigil\u00e2ncia<\/h1>\t\t<\/div>\n\t\t\t\t<\/div>\n\t\t\t\t\t<\/div>\n\t\t\t\t<\/div>\n\t\t<div class=\"elementor-element elementor-element-2b643ab e-flex e-con-boxed e-con e-parent\" data-id=\"2b643ab\" data-element_type=\"container\" data-settings=\"{&quot;background_background&quot;:&quot;classic&quot;}\">\n\t\t\t\t\t<div class=\"e-con-inner\">\n\t\t\t\t<div class=\"elementor-element elementor-element-958bdd2 elementor-position-top elementor-widget elementor-widget-image-box\" data-id=\"958bdd2\" data-element_type=\"widget\" data-widget_type=\"image-box.default\">\n\t\t\t\t<div class=\"elementor-widget-container\">\n\t\t\t<div class=\"elementor-image-box-wrapper\"><figure class=\"elementor-image-box-img\"><a href=\"\/pt\/products-category\/memory-card\/\" tabindex=\"-1\"><img loading=\"lazy\" decoding=\"async\" width=\"141\" height=\"68\" src=\"https:\/\/www.oscoo.com\/wp-content\/uploads\/2024\/10\/support_find_ico6.png\" class=\"attachment-full size-full wp-image-900\" alt=\"\" title=\"\"><\/a><\/figure><div class=\"elementor-image-box-content\"><h5 class=\"elementor-image-box-title\"><a href=\"\/pt\/products-category\/memory-card\/\">Cart\u00e3o de mem\u00f3ria<\/a><\/h5><\/div><\/div>\t\t<\/div>\n\t\t\t\t<\/div>\n\t\t\t\t\t<\/div>\n\t\t\t\t<\/div>\n\t\t<div class=\"elementor-element elementor-element-58702bc e-flex e-con-boxed e-con e-parent\" data-id=\"58702bc\" data-element_type=\"container\" data-settings=\"{&quot;background_background&quot;:&quot;classic&quot;}\">\n\t\t\t\t\t<div class=\"e-con-inner\">\n\t\t\t\t<div class=\"elementor-element elementor-element-4be90cc elementor-widget elementor-widget-heading\" data-id=\"4be90cc\" data-element_type=\"widget\" data-widget_type=\"heading.default\">\n\t\t\t\t<div class=\"elementor-widget-container\">\n\t\t\t<h2 class=\"elementor-heading-title elementor-size-default\">Vigil\u00e2ncia<\/h2>\t\t<\/div>\n\t\t\t\t<\/div>\n\t\t\t\t<div class=\"elementor-element elementor-element-9e467f1 elementor-widget elementor-widget-text-editor\" data-id=\"9e467f1\" data-element_type=\"widget\" data-widget_type=\"text-editor.default\">\n\t\t\t\t<div class=\"elementor-widget-container\">\n\t\t\t\t\t\t\t<p>Bem-vindo \u00e0 OSCOO Surveillance Storage Solutions, onde a seguran\u00e7a encontra a inova\u00e7\u00e3o. Como l\u00edder em tecnologia de ponta, a OSCOO tem o compromisso de proteger seus dados valiosos, garantindo o desempenho ideal para seus sistemas de vigil\u00e2ncia. Quer esteja a monitorizar a sua casa, escrit\u00f3rio ou espa\u00e7o comercial, as solu\u00e7\u00f5es de armazenamento da OSCOO foram concebidas para proporcionar um armazenamento de dados fi\u00e1vel e eficiente para todas as suas necessidades de vigil\u00e2ncia.<\/p>\t\t\t\t\t\t<\/div>\n\t\t\t\t<\/div>\n\t\t\t\t<div class=\"elementor-element elementor-element-17cf578 elementor-widget elementor-widget-image\" data-id=\"17cf578\" data-element_type=\"widget\" data-widget_type=\"image.default\">\n\t\t\t\t<div class=\"elementor-widget-container\">\n\t\t\t\t\t\t\t\t\t\t\t\t\t<img loading=\"lazy\" decoding=\"async\" width=\"1388\" height=\"638\" src=\"https:\/\/www.oscoo.com\/wp-content\/uploads\/2024\/11\/OSCOO-Surveillance-Storage-Solutions.webp\" class=\"attachment-full size-full wp-image-2339\" alt=\"\" srcset=\"https:\/\/www.oscoo.com\/wp-content\/uploads\/2024\/11\/OSCOO-Surveillance-Storage-Solutions.webp 1388w, https:\/\/www.oscoo.com\/wp-content\/uploads\/2024\/11\/OSCOO-Surveillance-Storage-Solutions-300x138.webp 300w, https:\/\/www.oscoo.com\/wp-content\/uploads\/2024\/11\/OSCOO-Surveillance-Storage-Solutions-1024x471.webp 1024w, https:\/\/www.oscoo.com\/wp-content\/uploads\/2024\/11\/OSCOO-Surveillance-Storage-Solutions-768x353.webp 768w, https:\/\/www.oscoo.com\/wp-content\/uploads\/2024\/11\/OSCOO-Surveillance-Storage-Solutions-500x230.webp 500w, https:\/\/www.oscoo.com\/wp-content\/uploads\/2024\/11\/OSCOO-Surveillance-Storage-Solutions-800x368.webp 800w\" sizes=\"auto, (max-width: 1388px) 100vw, 1388px\" title=\"\">\t\t\t\t\t\t\t\t\t\t\t\t\t<\/div>\n\t\t\t\t<\/div>\n\t\t\t\t\t<\/div>\n\t\t\t\t<\/div>\n\t\t<div class=\"elementor-element elementor-element-253b404 e-flex e-con-boxed e-con e-parent\" data-id=\"253b404\" data-element_type=\"container\">\n\t\t\t\t\t<div class=\"e-con-inner\">\n\t\t<div class=\"elementor-element elementor-element-86b21c6 e-con-full e-flex e-con e-child\" data-id=\"86b21c6\" data-element_type=\"container\">\n\t\t\t\t<div class=\"elementor-element elementor-element-d436c9f elementor-widget elementor-widget-image\" data-id=\"d436c9f\" data-element_type=\"widget\" data-widget_type=\"image.default\">\n\t\t\t\t<div class=\"elementor-widget-container\">\n\t\t\t\t\t\t\t\t\t\t\t\t\t\t<a href=\"\/pt\/produto\/micro-sd-memory-card-blue-series\/\">\n\t\t\t\t\t\t\t<img loading=\"lazy\" decoding=\"async\" width=\"673\" height=\"541\" src=\"https:\/\/www.oscoo.com\/wp-content\/uploads\/2024\/11\/OSCOOs-Surveillance-Storage.webp\" class=\"attachment-full size-full wp-image-2340\" alt=\"\" srcset=\"https:\/\/www.oscoo.com\/wp-content\/uploads\/2024\/11\/OSCOOs-Surveillance-Storage.webp 673w, https:\/\/www.oscoo.com\/wp-content\/uploads\/2024\/11\/OSCOOs-Surveillance-Storage-300x241.webp 300w, https:\/\/www.oscoo.com\/wp-content\/uploads\/2024\/11\/OSCOOs-Surveillance-Storage-500x402.webp 500w\" sizes=\"auto, (max-width: 673px) 100vw, 673px\" title=\"\">\t\t\t\t\t\t\t\t<\/a>\n\t\t\t\t\t\t\t\t\t\t\t\t\t<\/div>\n\t\t\t\t<\/div>\n\t\t\t\t<div class=\"elementor-element elementor-element-4c572a3 elementor-widget elementor-widget-text-editor\" data-id=\"4c572a3\" data-element_type=\"widget\" data-widget_type=\"text-editor.default\">\n\t\t\t\t<div class=\"elementor-widget-container\">\n\t\t\t\t\t\t\t<p>Proteja o que \u00e9 mais importante com as solu\u00e7\u00f5es de armazenamento de vigil\u00e2ncia da OSCOO. Nossas solu\u00e7\u00f5es de armazenamento fornecem a base para sua infraestrutura de seguran\u00e7a, oferecendo o desempenho e a confiabilidade necess\u00e1rios para opera\u00e7\u00f5es de vigil\u00e2ncia eficazes. Seja voc\u00ea um propriet\u00e1rio de casa, dono de empresa ou profissional de seguran\u00e7a, a OSCOO est\u00e1 aqui para garantir que seus sistemas de vigil\u00e2ncia operem da melhor forma poss\u00edvel.<\/p>\t\t\t\t\t\t<\/div>\n\t\t\t\t<\/div>\n\t\t\t\t<\/div>\n\t\t<div class=\"elementor-element elementor-element-5a20cc5 e-con-full e-flex e-con e-child\" data-id=\"5a20cc5\" data-element_type=\"container\">\n\t\t\t\t<div class=\"elementor-element elementor-element-0ba3f0d elementor-widget elementor-widget-image\" data-id=\"0ba3f0d\" data-element_type=\"widget\" data-widget_type=\"image.default\">\n\t\t\t\t<div class=\"elementor-widget-container\">\n\t\t\t\t\t\t\t\t\t\t\t\t\t\t<a href=\"\/pt\/produto\/micro-sd-memory-card-green-series\/\">\n\t\t\t\t\t\t\t<img loading=\"lazy\" decoding=\"async\" width=\"673\" height=\"541\" src=\"https:\/\/www.oscoo.com\/wp-content\/uploads\/2024\/11\/OSCOO-surveillance-storage-options.webp\" class=\"attachment-full size-full wp-image-2338\" alt=\"\" srcset=\"https:\/\/www.oscoo.com\/wp-content\/uploads\/2024\/11\/OSCOO-surveillance-storage-options.webp 673w, https:\/\/www.oscoo.com\/wp-content\/uploads\/2024\/11\/OSCOO-surveillance-storage-options-300x241.webp 300w, https:\/\/www.oscoo.com\/wp-content\/uploads\/2024\/11\/OSCOO-surveillance-storage-options-500x402.webp 500w\" sizes=\"auto, (max-width: 673px) 100vw, 673px\" title=\"\">\t\t\t\t\t\t\t\t<\/a>\n\t\t\t\t\t\t\t\t\t\t\t\t\t<\/div>\n\t\t\t\t<\/div>\n\t\t\t\t<div class=\"elementor-element elementor-element-0a24a8b elementor-widget elementor-widget-text-editor\" data-id=\"0a24a8b\" data-element_type=\"widget\" data-widget_type=\"text-editor.default\">\n\t\t\t\t<div class=\"elementor-widget-container\">\n\t\t\t\t\t\t\t<p>Explore a nossa gama de op\u00e7\u00f5es de armazenamento de vigil\u00e2ncia e experimente a paz de esp\u00edrito que adv\u00e9m do facto de saber que os seus dados est\u00e3o seguros e acess\u00edveis sempre que precisar deles. OSCOO, seu parceiro na excel\u00eancia em vigil\u00e2ncia.<\/p>\t\t\t\t\t\t<\/div>\n\t\t\t\t<\/div>\n\t\t\t\t<\/div>\n\t\t\t\t\t<\/div>\n\t\t\t\t<\/div>\n\t\t<div class=\"elementor-element elementor-element-1fe5ded e-flex e-con-boxed e-con e-parent\" data-id=\"1fe5ded\" data-element_type=\"container\">\n\t\t\t\t\t<div class=\"e-con-inner\">\n\t\t\t\t<div class=\"elementor-element elementor-element-cc0ae20 elementor-widget elementor-widget-heading\" data-id=\"cc0ae20\" data-element_type=\"widget\" data-widget_type=\"heading.default\">\n\t\t\t\t<div class=\"elementor-widget-container\">\n\t\t\t<h6 class=\"elementor-heading-title elementor-size-default\">Porqu\u00ea OSCOO \uff1f<\/h6>\t\t<\/div>\n\t\t\t\t<\/div>\n\t\t\t\t<div class=\"elementor-element elementor-element-854a00a elementor-widget elementor-widget-image\" data-id=\"854a00a\" data-element_type=\"widget\" data-widget_type=\"image.default\">\n\t\t\t\t<div class=\"elementor-widget-container\">\n\t\t\t\t\t\t\t\t\t\t\t\t\t<img loading=\"lazy\" decoding=\"async\" width=\"1920\" height=\"400\" src=\"https:\/\/www.oscoo.com\/wp-content\/uploads\/2024\/10\/why-oscoo.webp\" class=\"attachment-full size-full wp-image-847\" alt=\"\" srcset=\"https:\/\/www.oscoo.com\/wp-content\/uploads\/2024\/10\/why-oscoo.webp 1920w, https:\/\/www.oscoo.com\/wp-content\/uploads\/2024\/10\/why-oscoo-500x104.webp 500w, https:\/\/www.oscoo.com\/wp-content\/uploads\/2024\/10\/why-oscoo-800x167.webp 800w, https:\/\/www.oscoo.com\/wp-content\/uploads\/2024\/10\/why-oscoo-300x63.webp 300w, https:\/\/www.oscoo.com\/wp-content\/uploads\/2024\/10\/why-oscoo-1024x213.webp 1024w, https:\/\/www.oscoo.com\/wp-content\/uploads\/2024\/10\/why-oscoo-768x160.webp 768w, https:\/\/www.oscoo.com\/wp-content\/uploads\/2024\/10\/why-oscoo-1536x320.webp 1536w\" sizes=\"auto, (max-width: 1920px) 100vw, 1920px\" title=\"\">\t\t\t\t\t\t\t\t\t\t\t\t\t<\/div>\n\t\t\t\t<\/div>\n\t\t\t\t\t<\/div>\n\t\t\t\t<\/div>\n\t\t<div class=\"elementor-element elementor-element-7bd7cd3 e-flex e-con-boxed e-con e-parent\" data-id=\"7bd7cd3\" data-element_type=\"container\" data-settings=\"{&quot;background_background&quot;:&quot;classic&quot;}\">\n\t\t\t\t\t<div class=\"e-con-inner\">\n\t\t<div class=\"elementor-element elementor-element-e14a8df e-flex e-con-boxed e-con e-child\" data-id=\"e14a8df\" data-element_type=\"container\" data-settings=\"{&quot;background_background&quot;:&quot;classic&quot;}\">\n\t\t\t\t\t<div class=\"e-con-inner\">\n\t\t\t\t<div class=\"elementor-element elementor-element-4ea241a elementor-position-left elementor-vertical-align-middle elementor-view-default elementor-mobile-position-top elementor-widget elementor-widget-icon-box\" data-id=\"4ea241a\" data-element_type=\"widget\" data-widget_type=\"icon-box.default\">\n\t\t\t\t<div class=\"elementor-widget-container\">\n\t\t\t\t\t<div class=\"elementor-icon-box-wrapper\">\n\n\t\t\t\t\t\t<div class=\"elementor-icon-box-icon\">\n\t\t\t\t<span  class=\"elementor-icon elementor-animation-\">\n\t\t\t\t<svg aria-hidden=\"true\" class=\"e-font-icon-svg e-fas-database\" viewbox=\"0 0 448 512\" xmlns=\"http:\/\/www.w3.org\/2000\/svg\"><path d=\"M448 73.143v45.714C448 159.143 347.667 192 224 192S0 159.143 0 118.857V73.143C0 32.857 100.333 0 224 0s224 32.857 224 73.143zM448 176v102.857C448 319.143 347.667 352 224 352S0 319.143 0 278.857V176c48.125 33.143 136.208 48.572 224 48.572S399.874 209.143 448 176zm0 160v102.857C448 479.143 347.667 512 224 512S0 479.143 0 438.857V336c48.125 33.143 136.208 48.572 224 48.572S399.874 369.143 448 336z\"><\/path><\/svg>\t\t\t\t<\/span>\n\t\t\t<\/div>\n\t\t\t\n\t\t\t\t\t\t<div class=\"elementor-icon-box-content\">\n\n\t\t\t\t\t\t\t\t\t<h3 class=\"elementor-icon-box-title\">\n\t\t\t\t\t\t<span  >\n\t\t\t\t\t\t\tAlta capacidade\t\t\t\t\t\t<\/span>\n\t\t\t\t\t<\/h3>\n\t\t\t\t\n\t\t\t\t\t\t\t\t\t<p class=\"elementor-icon-box-description\">\n\t\t\t\t\t\tCom as op\u00e7\u00f5es de armazenamento de alta capacidade do OSCOO, \u00e9 poss\u00edvel armazenar filmagens de vigil\u00e2ncia de semanas sem preocupa\u00e7\u00f5es. Nossas solu\u00e7\u00f5es s\u00e3o adaptadas \u00e0s demandas de ambientes de seguran\u00e7a intensiva.\t\t\t\t\t<\/p>\n\t\t\t\t\n\t\t\t<\/div>\n\t\t\t\n\t\t<\/div>\n\t\t\t\t<\/div>\n\t\t\t\t<\/div>\n\t\t\t\t<div class=\"elementor-element elementor-element-8089845 elementor-position-left elementor-vertical-align-middle elementor-view-default elementor-mobile-position-top elementor-widget elementor-widget-icon-box\" data-id=\"8089845\" data-element_type=\"widget\" data-widget_type=\"icon-box.default\">\n\t\t\t\t<div class=\"elementor-widget-container\">\n\t\t\t\t\t<div class=\"elementor-icon-box-wrapper\">\n\n\t\t\t\t\t\t<div class=\"elementor-icon-box-icon\">\n\t\t\t\t<span  class=\"elementor-icon elementor-animation-\">\n\t\t\t\t<svg aria-hidden=\"true\" class=\"e-font-icon-svg e-fas-lock\" viewbox=\"0 0 448 512\" xmlns=\"http:\/\/www.w3.org\/2000\/svg\"><path d=\"M400 224h-24v-72C376 68.2 307.8 0 224 0S72 68.2 72 152v72H48c-26.5 0-48 21.5-48 48v192c0 26.5 21.5 48 48 48h352c26.5 0 48-21.5 48-48V272c0-26.5-21.5-48-48-48zm-104 0H152v-72c0-39.7 32.3-72 72-72s72 32.3 72 72v72z\"><\/path><\/svg>\t\t\t\t<\/span>\n\t\t\t<\/div>\n\t\t\t\n\t\t\t\t\t\t<div class=\"elementor-icon-box-content\">\n\n\t\t\t\t\t\t\t\t\t<h3 class=\"elementor-icon-box-title\">\n\t\t\t\t\t\t<span  >\n\t\t\t\t\t\t\tFiabilidade sem compromissos\t\t\t\t\t\t<\/span>\n\t\t\t\t\t<\/h3>\n\t\t\t\t\n\t\t\t\t\t\t\t\t\t<p class=\"elementor-icon-box-description\">\n\t\t\t\t\t\tAs solu\u00e7\u00f5es de armazenamento do OSCOO s\u00e3o constru\u00eddas para suportar uma opera\u00e7\u00e3o cont\u00ednua, garantindo que as suas imagens de vigil\u00e2ncia sejam armazenadas de forma segura e facilmente acess\u00edveis quando necess\u00e1rio.\n\n\t\t\t\t\t<\/p>\n\t\t\t\t\n\t\t\t<\/div>\n\t\t\t\n\t\t<\/div>\n\t\t\t\t<\/div>\n\t\t\t\t<\/div>\n\t\t\t\t<div class=\"elementor-element elementor-element-e8a2b0f elementor-position-left elementor-vertical-align-middle elementor-view-default elementor-mobile-position-top elementor-widget elementor-widget-icon-box\" data-id=\"e8a2b0f\" data-element_type=\"widget\" data-widget_type=\"icon-box.default\">\n\t\t\t\t<div class=\"elementor-widget-container\">\n\t\t\t\t\t<div class=\"elementor-icon-box-wrapper\">\n\n\t\t\t\t\t\t<div class=\"elementor-icon-box-icon\">\n\t\t\t\t<span  class=\"elementor-icon elementor-animation-\">\n\t\t\t\t<svg aria-hidden=\"true\" class=\"e-font-icon-svg e-fas-arrow-alt-circle-up\" viewbox=\"0 0 512 512\" xmlns=\"http:\/\/www.w3.org\/2000\/svg\"><path d=\"M8 256C8 119 119 8 256 8s248 111 248 248-111 248-248 248S8 393 8 256zm292 116V256h70.9c10.7 0 16.1-13 8.5-20.5L264.5 121.2c-4.7-4.7-12.2-4.7-16.9 0l-115 114.3c-7.6 7.6-2.2 20.5 8.5 20.5H212v116c0 6.6 5.4 12 12 12h64c6.6 0 12-5.4 12-12z\"><\/path><\/svg>\t\t\t\t<\/span>\n\t\t\t<\/div>\n\t\t\t\n\t\t\t\t\t\t<div class=\"elementor-icon-box-content\">\n\n\t\t\t\t\t\t\t\t\t<h3 class=\"elementor-icon-box-title\">\n\t\t\t\t\t\t<span  >\n\t\t\t\t\t\t\tTecnologia avan\u00e7ada\t\t\t\t\t\t<\/span>\n\t\t\t\t\t<\/h3>\n\t\t\t\t\n\t\t\t\t\t\t\t\t\t<p class=\"elementor-icon-box-description\">\n\t\t\t\t\t\tTire partido da tecnologia de armazenamento avan\u00e7ada do OSCOO para suportar a grava\u00e7\u00e3o de v\u00eddeo de alta defini\u00e7\u00e3o, a reprodu\u00e7\u00e3o sem falhas e a recupera\u00e7\u00e3o eficiente de dados, tudo essencial para uma vigil\u00e2ncia eficaz.\n\t\t\t\t\t<\/p>\n\t\t\t\t\n\t\t\t<\/div>\n\t\t\t\n\t\t<\/div>\n\t\t\t\t<\/div>\n\t\t\t\t<\/div>\n\t\t\t\t<div class=\"elementor-element elementor-element-7c6bf16 elementor-position-left elementor-vertical-align-middle elementor-view-default elementor-mobile-position-top elementor-widget elementor-widget-icon-box\" data-id=\"7c6bf16\" data-element_type=\"widget\" data-widget_type=\"icon-box.default\">\n\t\t\t\t<div class=\"elementor-widget-container\">\n\t\t\t\t\t<div class=\"elementor-icon-box-wrapper\">\n\n\t\t\t\t\t\t<div class=\"elementor-icon-box-icon\">\n\t\t\t\t<span  class=\"elementor-icon elementor-animation-\">\n\t\t\t\t<svg aria-hidden=\"true\" class=\"e-font-icon-svg e-fas-users-cog\" viewbox=\"0 0 640 512\" xmlns=\"http:\/\/www.w3.org\/2000\/svg\"><path d=\"M610.5 341.3c2.6-14.1 2.6-28.5 0-42.6l25.8-14.9c3-1.7 4.3-5.2 3.3-8.5-6.7-21.6-18.2-41.2-33.2-57.4-2.3-2.5-6-3.1-9-1.4l-25.8 14.9c-10.9-9.3-23.4-16.5-36.9-21.3v-29.8c0-3.4-2.4-6.4-5.7-7.1-22.3-5-45-4.8-66.2 0-3.3.7-5.7 3.7-5.7 7.1v29.8c-13.5 4.8-26 12-36.9 21.3l-25.8-14.9c-2.9-1.7-6.7-1.1-9 1.4-15 16.2-26.5 35.8-33.2 57.4-1 3.3.4 6.8 3.3 8.5l25.8 14.9c-2.6 14.1-2.6 28.5 0 42.6l-25.8 14.9c-3 1.7-4.3 5.2-3.3 8.5 6.7 21.6 18.2 41.1 33.2 57.4 2.3 2.5 6 3.1 9 1.4l25.8-14.9c10.9 9.3 23.4 16.5 36.9 21.3v29.8c0 3.4 2.4 6.4 5.7 7.1 22.3 5 45 4.8 66.2 0 3.3-.7 5.7-3.7 5.7-7.1v-29.8c13.5-4.8 26-12 36.9-21.3l25.8 14.9c2.9 1.7 6.7 1.1 9-1.4 15-16.2 26.5-35.8 33.2-57.4 1-3.3-.4-6.8-3.3-8.5l-25.8-14.9zM496 368.5c-26.8 0-48.5-21.8-48.5-48.5s21.8-48.5 48.5-48.5 48.5 21.8 48.5 48.5-21.7 48.5-48.5 48.5zM96 224c35.3 0 64-28.7 64-64s-28.7-64-64-64-64 28.7-64 64 28.7 64 64 64zm224 32c1.9 0 3.7-.5 5.6-.6 8.3-21.7 20.5-42.1 36.3-59.2 7.4-8 17.9-12.6 28.9-12.6 6.9 0 13.7 1.8 19.6 5.3l7.9 4.6c.8-.5 1.6-.9 2.4-1.4 7-14.6 11.2-30.8 11.2-48 0-61.9-50.1-112-112-112S208 82.1 208 144c0 61.9 50.1 112 112 112zm105.2 194.5c-2.3-1.2-4.6-2.6-6.8-3.9-8.2 4.8-15.3 9.8-27.5 9.8-10.9 0-21.4-4.6-28.9-12.6-18.3-19.8-32.3-43.9-40.2-69.6-10.7-34.5 24.9-49.7 25.8-50.3-.1-2.6-.1-5.2 0-7.8l-7.9-4.6c-3.8-2.2-7-5-9.8-8.1-3.3.2-6.5.6-9.8.6-24.6 0-47.6-6-68.5-16h-8.3C179.6 288 128 339.6 128 403.2V432c0 26.5 21.5 48 48 48h255.4c-3.7-6-6.2-12.8-6.2-20.3v-9.2zM173.1 274.6C161.5 263.1 145.6 256 128 256H64c-35.3 0-64 28.7-64 64v32c0 17.7 14.3 32 32 32h65.9c6.3-47.4 34.9-87.3 75.2-109.4z\"><\/path><\/svg>\t\t\t\t<\/span>\n\t\t\t<\/div>\n\t\t\t\n\t\t\t\t\t\t<div class=\"elementor-icon-box-content\">\n\n\t\t\t\t\t\t\t\t\t<h3 class=\"elementor-icon-box-title\">\n\t\t\t\t\t\t<span  >\n\t\t\t\t\t\t\tDesempenho 24\/7\t\t\t\t\t\t<\/span>\n\t\t\t\t\t<\/h3>\n\t\t\t\t\n\t\t\t\t\t\t\t\t\t<p class=\"elementor-icon-box-description\">\n\t\t\t\t\t\tAs solu\u00e7\u00f5es de armazenamento OSCOO s\u00e3o concebidas para uma utiliza\u00e7\u00e3o constante, assegurando que os seus sistemas de vigil\u00e2ncia funcionem sem problemas 24 horas por dia.\t\t\t\t\t<\/p>\n\t\t\t\t\n\t\t\t<\/div>\n\t\t\t\n\t\t<\/div>\n\t\t\t\t<\/div>\n\t\t\t\t<\/div>\n\t\t\t\t<div class=\"elementor-element elementor-element-ec706c2 elementor-position-left elementor-vertical-align-middle elementor-view-default elementor-mobile-position-top elementor-widget elementor-widget-icon-box\" data-id=\"ec706c2\" data-element_type=\"widget\" data-widget_type=\"icon-box.default\">\n\t\t\t\t<div class=\"elementor-widget-container\">\n\t\t\t\t\t<div class=\"elementor-icon-box-wrapper\">\n\n\t\t\t\t\t\t<div class=\"elementor-icon-box-icon\">\n\t\t\t\t<span  class=\"elementor-icon elementor-animation-\">\n\t\t\t\t<svg aria-hidden=\"true\" class=\"e-font-icon-svg e-fas-american-sign-language-interpreting\" viewbox=\"0 0 640 512\" xmlns=\"http:\/\/www.w3.org\/2000\/svg\"><path d=\"M290.547 189.039c-20.295-10.149-44.147-11.199-64.739-3.89 42.606 0 71.208 20.475 85.578 50.576 8.576 17.899-5.148 38.071-23.617 38.071 18.429 0 32.211 20.136 23.617 38.071-14.725 30.846-46.123 50.854-80.298 50.854-.557 0-94.471-8.615-94.471-8.615l-66.406 33.347c-9.384 4.693-19.815.379-23.895-7.781L1.86 290.747c-4.167-8.615-1.111-18.897 6.946-23.621l58.072-33.069L108 159.861c6.39-57.245 34.731-109.767 79.743-146.726 11.391-9.448 28.341-7.781 37.51 3.613 9.446 11.394 7.78 28.067-3.612 37.516-12.503 10.559-23.618 22.509-32.509 35.57 21.672-14.729 46.679-24.732 74.186-28.067 14.725-1.945 28.063 8.336 29.73 23.065 1.945 14.728-8.336 28.067-23.062 29.734-16.116 1.945-31.12 7.503-44.178 15.284 26.114-5.713 58.712-3.138 88.079 11.115 13.336 6.669 18.893 22.509 12.224 35.848-6.389 13.06-22.504 18.617-35.564 12.226zm-27.229 69.472c-6.112-12.505-18.338-20.286-32.231-20.286a35.46 35.46 0 0 0-35.565 35.57c0 21.428 17.808 35.57 35.565 35.57 13.893 0 26.119-7.781 32.231-20.286 4.446-9.449 13.614-15.006 23.339-15.284-9.725-.277-18.893-5.835-23.339-15.284zm374.821-37.237c4.168 8.615 1.111 18.897-6.946 23.621l-58.071 33.069L532 352.16c-6.39 57.245-34.731 109.767-79.743 146.726-10.932 9.112-27.799 8.144-37.51-3.613-9.446-11.394-7.78-28.067 3.613-37.516 12.503-10.559 23.617-22.509 32.508-35.57-21.672 14.729-46.679 24.732-74.186 28.067-10.021 2.506-27.552-5.643-29.73-23.065-1.945-14.728 8.336-28.067 23.062-29.734 16.116-1.946 31.12-7.503 44.178-15.284-26.114 5.713-58.712 3.138-88.079-11.115-13.336-6.669-18.893-22.509-12.224-35.848 6.389-13.061 22.505-18.619 35.565-12.227 20.295 10.149 44.147 11.199 64.739 3.89-42.606 0-71.208-20.475-85.578-50.576-8.576-17.899 5.148-38.071 23.617-38.071-18.429 0-32.211-20.136-23.617-38.071 14.033-29.396 44.039-50.887 81.966-50.854l92.803 8.615 66.406-33.347c9.408-4.704 19.828-.354 23.894 7.781l44.455 88.926zm-229.227-18.618c-13.893 0-26.119 7.781-32.231 20.286-4.446 9.449-13.614 15.006-23.339 15.284 9.725.278 18.893 5.836 23.339 15.284 6.112 12.505 18.338 20.286 32.231 20.286a35.46 35.46 0 0 0 35.565-35.57c0-21.429-17.808-35.57-35.565-35.57z\"><\/path><\/svg>\t\t\t\t<\/span>\n\t\t\t<\/div>\n\t\t\t\n\t\t\t\t\t\t<div class=\"elementor-icon-box-content\">\n\n\t\t\t\t\t\t\t\t\t<h3 class=\"elementor-icon-box-title\">\n\t\t\t\t\t\t<span  >\n\t\t\t\t\t\t\tIntegridade dos dados\t\t\t\t\t\t<\/span>\n\t\t\t\t\t<\/h3>\n\t\t\t\t\n\t\t\t\t\t\t\t\t\t<p class=\"elementor-icon-box-description\">\n\t\t\t\t\t\tO compromisso do OSCOO com a integridade dos dados garante que suas imagens de vigil\u00e2ncia permane\u00e7am precisas e confi\u00e1veis, permitindo que voc\u00ea tome decis\u00f5es informadas com base nos eventos capturados.\n\t\t\t\t\t<\/p>\n\t\t\t\t\n\t\t\t<\/div>\n\t\t\t\n\t\t<\/div>\n\t\t\t\t<\/div>\n\t\t\t\t<\/div>\n\t\t\t\t\t<\/div>\n\t\t\t\t<\/div>\n\t\t\t\t\t<\/div>\n\t\t\t\t<\/div>\n\t\t\t\t<\/div>","protected":false},"excerpt":{"rendered":"<p>Application &gt;&gt; Surveillance Memory Card Surveillance Welcome to OSCOO Surveillance Storage Solutions, where security meets innovation. As a leader in cutting-edge technology, OSCOO is committed [&hellip;]<\/p>\n","protected":false},"author":567,"featured_media":0,"parent":0,"menu_order":0,"comment_status":"closed","ping_status":"closed","template":"","meta":{"_acf_changed":false,"site-sidebar-layout":"no-sidebar","site-content-layout":"page-builder","ast-site-content-layout":"full-width-container","site-content-style":"default","site-sidebar-style":"default","ast-global-header-display":"","ast-banner-title-visibility":"","ast-main-header-display":"","ast-hfb-above-header-display":"","ast-hfb-below-header-display":"","ast-hfb-mobile-header-display":"","site-post-title":"disabled","ast-breadcrumbs-content":"","ast-featured-img":"disabled","footer-sml-layout":"","theme-transparent-header-meta":"","adv-header-id-meta":"","stick-header-meta":"","header-above-stick-meta":"","header-main-stick-meta":"","header-below-stick-meta":"","astra-migrate-meta-layouts":"set","ast-page-background-enabled":"default","ast-page-background-meta":{"desktop":{"background-color":"var(--ast-global-color-4)","background-image":"","background-repeat":"repeat","background-position":"center center","background-size":"auto","background-attachment":"scroll","background-type":"","background-media":"","overlay-type":"","overlay-color":"","overlay-opacity":"","overlay-gradient":""},"tablet":{"background-color":"","background-image":"","background-repeat":"repeat","background-position":"center center","background-size":"auto","background-attachment":"scroll","background-type":"","background-media":"","overlay-type":"","overlay-color":"","overlay-opacity":"","overlay-gradient":""},"mobile":{"background-color":"","background-image":"","background-repeat":"repeat","background-position":"center center","background-size":"auto","background-attachment":"scroll","background-type":"","background-media":"","overlay-type":"","overlay-color":"","overlay-opacity":"","overlay-gradient":""}},"ast-content-background-meta":{"desktop":{"background-color":"var(--ast-global-color-5)","background-image":"","background-repeat":"repeat","background-position":"center center","background-size":"auto","background-attachment":"scroll","background-type":"","background-media":"","overlay-type":"","overlay-color":"","overlay-opacity":"","overlay-gradient":""},"tablet":{"background-color":"var(--ast-global-color-5)","background-image":"","background-repeat":"repeat","background-position":"center center","background-size":"auto","background-attachment":"scroll","background-type":"","background-media":"","overlay-type":"","overlay-color":"","overlay-opacity":"","overlay-gradient":""},"mobile":{"background-color":"var(--ast-global-color-5)","background-image":"","background-repeat":"repeat","background-position":"center center","background-size":"auto","background-attachment":"scroll","background-type":"","background-media":"","overlay-type":"","overlay-color":"","overlay-opacity":"","overlay-gradient":""}},"footnotes":""},"class_list":["post-1324","page","type-page","status-publish","hentry"],"acf":[],"_links":{"self":[{"href":"https:\/\/www.oscoo.com\/pt\/wp-json\/wp\/v2\/pages\/1324","targetHints":{"allow":["GET"]}}],"collection":[{"href":"https:\/\/www.oscoo.com\/pt\/wp-json\/wp\/v2\/pages"}],"about":[{"href":"https:\/\/www.oscoo.com\/pt\/wp-json\/wp\/v2\/types\/page"}],"author":[{"embeddable":true,"href":"https:\/\/www.oscoo.com\/pt\/wp-json\/wp\/v2\/users\/567"}],"replies":[{"embeddable":true,"href":"https:\/\/www.oscoo.com\/pt\/wp-json\/wp\/v2\/comments?post=1324"}],"version-history":[{"count":0,"href":"https:\/\/www.oscoo.com\/pt\/wp-json\/wp\/v2\/pages\/1324\/revisions"}],"wp:attachment":[{"href":"https:\/\/www.oscoo.com\/pt\/wp-json\/wp\/v2\/media?parent=1324"}],"curies":[{"name":"wp","href":"https:\/\/api.w.org\/{rel}","templated":true}]}}