{"id":822,"date":"2024-10-30T07:05:51","date_gmt":"2024-10-30T07:05:51","guid":{"rendered":"https:\/\/www.oscoo.com\/?page_id=822"},"modified":"2024-12-04T05:57:15","modified_gmt":"2024-12-04T05:57:15","slug":"applications-gaming-esports","status":"publish","type":"page","link":"https:\/\/www.oscoo.com\/de\/applications-gaming-esports\/","title":{"rendered":"Spiele &amp; Esport"},"content":{"rendered":"<div data-elementor-type=\"wp-page\" data-elementor-id=\"822\" class=\"elementor elementor-822\" data-elementor-post-type=\"page\">\n\t\t\t\t<div class=\"elementor-element elementor-element-95d90fb e-flex e-con-boxed e-con e-parent\" data-id=\"95d90fb\" data-element_type=\"container\" data-settings=\"{&quot;background_background&quot;:&quot;classic&quot;}\">\n\t\t\t\t\t<div class=\"e-con-inner\">\n\t\t\t\t<div class=\"elementor-element elementor-element-9dd7b63 elementor-widget elementor-widget-heading\" data-id=\"9dd7b63\" data-element_type=\"widget\" data-widget_type=\"heading.default\">\n\t\t\t\t<div class=\"elementor-widget-container\">\n\t\t\t<h1 class=\"elementor-heading-title elementor-size-default\">Anwendung &gt;&gt; Gaming &amp; Esports<\/h1>\t\t<\/div>\n\t\t\t\t<\/div>\n\t\t\t\t\t<\/div>\n\t\t\t\t<\/div>\n\t\t<div class=\"elementor-element elementor-element-1eff92d e-flex e-con-boxed e-con e-parent\" data-id=\"1eff92d\" data-element_type=\"container\" data-settings=\"{&quot;background_background&quot;:&quot;classic&quot;}\">\n\t\t\t\t\t<div class=\"e-con-inner\">\n\t\t\t\t<div class=\"elementor-element elementor-element-66a3412 elementor-position-top elementor-widget elementor-widget-image-box\" data-id=\"66a3412\" data-element_type=\"widget\" data-widget_type=\"image-box.default\">\n\t\t\t\t<div class=\"elementor-widget-container\">\n\t\t\t<div class=\"elementor-image-box-wrapper\"><figure class=\"elementor-image-box-img\"><a href=\"\/de\/products-category\/internal-ssd\/pcie-nvme-ssd\/\" tabindex=\"-1\"><img loading=\"lazy\" decoding=\"async\" width=\"141\" height=\"68\" src=\"https:\/\/www.oscoo.com\/wp-content\/uploads\/2024\/10\/support_find_ico1.png\" class=\"attachment-full size-full wp-image-895\" alt=\"\" title=\"\"><\/a><\/figure><div class=\"elementor-image-box-content\"><h5 class=\"elementor-image-box-title\"><a href=\"\/de\/products-category\/internal-ssd\/pcie-nvme-ssd\/\">SSD<\/a><\/h5><\/div><\/div>\t\t<\/div>\n\t\t\t\t<\/div>\n\t\t\t\t<div class=\"elementor-element elementor-element-437b9a7 elementor-position-top elementor-widget elementor-widget-image-box\" data-id=\"437b9a7\" data-element_type=\"widget\" data-widget_type=\"image-box.default\">\n\t\t\t\t<div class=\"elementor-widget-container\">\n\t\t\t<div class=\"elementor-image-box-wrapper\"><figure class=\"elementor-image-box-img\"><a href=\"\/de\/products-category\/ddr-memory\/gaming-memory\/\" tabindex=\"-1\"><img loading=\"lazy\" decoding=\"async\" width=\"141\" height=\"68\" src=\"https:\/\/www.oscoo.com\/wp-content\/uploads\/2024\/10\/support_find_ico2.png\" class=\"attachment-full size-full wp-image-896\" alt=\"\" title=\"\"><\/a><\/figure><div class=\"elementor-image-box-content\"><h5 class=\"elementor-image-box-title\"><a href=\"\/de\/products-category\/ddr-memory\/gaming-memory\/\">DDR-Speicher<\/a><\/h5><\/div><\/div>\t\t<\/div>\n\t\t\t\t<\/div>\n\t\t\t\t\t<\/div>\n\t\t\t\t<\/div>\n\t\t<div class=\"elementor-element elementor-element-2f550a8 e-flex e-con-boxed e-con e-parent\" data-id=\"2f550a8\" data-element_type=\"container\" data-settings=\"{&quot;background_background&quot;:&quot;classic&quot;}\">\n\t\t\t\t\t<div class=\"e-con-inner\">\n\t\t\t\t<div class=\"elementor-element elementor-element-9a9fa0a elementor-widget elementor-widget-heading\" data-id=\"9a9fa0a\" data-element_type=\"widget\" data-widget_type=\"heading.default\">\n\t\t\t\t<div class=\"elementor-widget-container\">\n\t\t\t<h2 class=\"elementor-heading-title elementor-size-default\">Spiele &amp; Esport<\/h2>\t\t<\/div>\n\t\t\t\t<\/div>\n\t\t\t\t<div class=\"elementor-element elementor-element-3b343f1 elementor-widget elementor-widget-text-editor\" data-id=\"3b343f1\" data-element_type=\"widget\" data-widget_type=\"text-editor.default\">\n\t\t\t\t<div class=\"elementor-widget-container\">\n\t\t\t\t\t\t\t<p>Tauchen Sie mit den hochmodernen Speicherl\u00f6sungen von OSCOO in die faszinierende Welt von Gaming und Esports ein. Erh\u00f6hen Sie Ihr Gameplay und sch\u00f6pfen Sie das volle Potenzial Ihrer Spielerfahrung mit unseren leistungsstarken Solid State Drives (SSDs) aus. Egal, ob Sie ein engagierter Gamer oder ein E-Sport-Profi sind, die SSDs von OSCOO wurden entwickelt, um blitzschnelle Ladezeiten, nahtlose \u00dcberg\u00e4nge im Spiel und eine verbesserte Reaktionsf\u00e4higkeit zu bieten.<\/p>\t\t\t\t\t\t<\/div>\n\t\t\t\t<\/div>\n\t\t\t\t<div class=\"elementor-element elementor-element-2423890 elementor-widget elementor-widget-image\" data-id=\"2423890\" data-element_type=\"widget\" data-widget_type=\"image.default\">\n\t\t\t\t<div class=\"elementor-widget-container\">\n\t\t\t\t\t\t\t\t\t\t\t\t\t<img loading=\"lazy\" decoding=\"async\" width=\"1388\" height=\"638\" src=\"https:\/\/www.oscoo.com\/wp-content\/uploads\/2024\/10\/oscoo-Gaming-Esports.webp\" class=\"attachment-full size-full wp-image-844\" alt=\"\" srcset=\"https:\/\/www.oscoo.com\/wp-content\/uploads\/2024\/10\/oscoo-Gaming-Esports.webp 1388w, https:\/\/www.oscoo.com\/wp-content\/uploads\/2024\/10\/oscoo-Gaming-Esports-500x230.webp 500w, https:\/\/www.oscoo.com\/wp-content\/uploads\/2024\/10\/oscoo-Gaming-Esports-800x368.webp 800w, https:\/\/www.oscoo.com\/wp-content\/uploads\/2024\/10\/oscoo-Gaming-Esports-300x138.webp 300w, https:\/\/www.oscoo.com\/wp-content\/uploads\/2024\/10\/oscoo-Gaming-Esports-1024x471.webp 1024w, https:\/\/www.oscoo.com\/wp-content\/uploads\/2024\/10\/oscoo-Gaming-Esports-768x353.webp 768w\" sizes=\"auto, (max-width: 1388px) 100vw, 1388px\" title=\"\">\t\t\t\t\t\t\t\t\t\t\t\t\t<\/div>\n\t\t\t\t<\/div>\n\t\t\t\t\t<\/div>\n\t\t\t\t<\/div>\n\t\t<div class=\"elementor-element elementor-element-24d8380 e-flex e-con-boxed e-con e-parent\" data-id=\"24d8380\" data-element_type=\"container\">\n\t\t\t\t\t<div class=\"e-con-inner\">\n\t\t<div class=\"elementor-element elementor-element-2015e7a e-con-full e-flex e-con e-child\" data-id=\"2015e7a\" data-element_type=\"container\">\n\t\t\t\t<div class=\"elementor-element elementor-element-c85f1b2 elementor-widget elementor-widget-heading\" data-id=\"c85f1b2\" data-element_type=\"widget\" data-widget_type=\"heading.default\">\n\t\t\t\t<div class=\"elementor-widget-container\">\n\t\t\t<h2 class=\"elementor-heading-title elementor-size-default\">Erleben Sie die Zukunft des Gaming Storage\n<\/h2>\t\t<\/div>\n\t\t\t\t<\/div>\n\t\t\t\t<\/div>\n\t\t<div class=\"elementor-element elementor-element-b33fec0 e-con-full e-flex e-con e-child\" data-id=\"b33fec0\" data-element_type=\"container\">\n\t\t\t\t<div class=\"elementor-element elementor-element-ee1ddf7 elementor-widget elementor-widget-image\" data-id=\"ee1ddf7\" data-element_type=\"widget\" data-widget_type=\"image.default\">\n\t\t\t\t<div class=\"elementor-widget-container\">\n\t\t\t\t\t\t\t\t\t\t\t\t\t\t<a href=\"\/de\/product\/m-2-nvme-pcie-gen4-04-2230-ssd\/\">\n\t\t\t\t\t\t\t<img loading=\"lazy\" decoding=\"async\" width=\"673\" height=\"541\" src=\"https:\/\/www.oscoo.com\/wp-content\/uploads\/2024\/10\/the-Future-SSD-of-Gaming-Storage-1.webp\" class=\"attachment-full size-full wp-image-845\" alt=\"\" srcset=\"https:\/\/www.oscoo.com\/wp-content\/uploads\/2024\/10\/the-Future-SSD-of-Gaming-Storage-1.webp 673w, https:\/\/www.oscoo.com\/wp-content\/uploads\/2024\/10\/the-Future-SSD-of-Gaming-Storage-1-500x402.webp 500w, https:\/\/www.oscoo.com\/wp-content\/uploads\/2024\/10\/the-Future-SSD-of-Gaming-Storage-1-300x241.webp 300w, https:\/\/www.oscoo.com\/wp-content\/uploads\/2024\/10\/the-Future-SSD-of-Gaming-Storage-1-600x482.webp 600w\" sizes=\"auto, (max-width: 673px) 100vw, 673px\" title=\"\">\t\t\t\t\t\t\t\t<\/a>\n\t\t\t\t\t\t\t\t\t\t\t\t\t<\/div>\n\t\t\t\t<\/div>\n\t\t\t\t<div class=\"elementor-element elementor-element-2153ccf elementor-widget elementor-widget-text-editor\" data-id=\"2153ccf\" data-element_type=\"widget\" data-widget_type=\"text-editor.default\">\n\t\t\t\t<div class=\"elementor-widget-container\">\n\t\t\t\t\t\t\t<p>Entdecken Sie unser Angebot an SSDs, die auf Gaming und Esports zugeschnitten sind, und begeben Sie sich auf eine Reise, auf der sich Geschwindigkeit, Zuverl\u00e4ssigkeit und Exzellenz vereinen, um Ihr Spielerlebnis neu zu definieren.<\/p>\t\t\t\t\t\t<\/div>\n\t\t\t\t<\/div>\n\t\t\t\t<\/div>\n\t\t<div class=\"elementor-element elementor-element-b3c9b6c e-con-full e-flex e-con e-child\" data-id=\"b3c9b6c\" data-element_type=\"container\">\n\t\t\t\t<div class=\"elementor-element elementor-element-f39f73c elementor-widget elementor-widget-image\" data-id=\"f39f73c\" data-element_type=\"widget\" data-widget_type=\"image.default\">\n\t\t\t\t<div class=\"elementor-widget-container\">\n\t\t\t\t\t\t\t\t\t\t\t\t\t\t<a href=\"\/de\/product\/m-2-nvme-pcie-gen4-04-2280-ssd-with-heatsink\/\">\n\t\t\t\t\t\t\t<img loading=\"lazy\" decoding=\"async\" width=\"673\" height=\"541\" src=\"https:\/\/www.oscoo.com\/wp-content\/uploads\/2024\/10\/the-Future-SSD-of-Gaming-Storage-2.webp\" class=\"attachment-full size-full wp-image-846\" alt=\"\" srcset=\"https:\/\/www.oscoo.com\/wp-content\/uploads\/2024\/10\/the-Future-SSD-of-Gaming-Storage-2.webp 673w, https:\/\/www.oscoo.com\/wp-content\/uploads\/2024\/10\/the-Future-SSD-of-Gaming-Storage-2-500x402.webp 500w, https:\/\/www.oscoo.com\/wp-content\/uploads\/2024\/10\/the-Future-SSD-of-Gaming-Storage-2-300x241.webp 300w, https:\/\/www.oscoo.com\/wp-content\/uploads\/2024\/10\/the-Future-SSD-of-Gaming-Storage-2-600x482.webp 600w\" sizes=\"auto, (max-width: 673px) 100vw, 673px\" title=\"\">\t\t\t\t\t\t\t\t<\/a>\n\t\t\t\t\t\t\t\t\t\t\t\t\t<\/div>\n\t\t\t\t<\/div>\n\t\t\t\t<div class=\"elementor-element elementor-element-6b27ae5 elementor-widget elementor-widget-text-editor\" data-id=\"6b27ae5\" data-element_type=\"widget\" data-widget_type=\"text-editor.default\">\n\t\t\t\t<div class=\"elementor-widget-container\">\n\t\t\t\t\t\t\t<p>Schlie\u00dfen Sie sich den Reihen der Elite-Gamer und Esports-Profis an, die OSCOO f\u00fcr ihre Speicheranforderungen vertrauen. Unsere SSDs sind so konzipiert, dass sie den Anforderungen des modernen Gaming gerecht werden und Ihnen einen Wettbewerbsvorteil verschaffen. Ob Sie in einer virtuellen Welt k\u00e4mpfen oder auf der Esports-B\u00fchne antreten, OSCOO ist Ihr Partner f\u00fcr \u00fcberragende Gaming-Leistung.<\/p>\t\t\t\t\t\t<\/div>\n\t\t\t\t<\/div>\n\t\t\t\t<\/div>\n\t\t\t\t\t<\/div>\n\t\t\t\t<\/div>\n\t\t<div class=\"elementor-element elementor-element-efe43b8 e-flex e-con-boxed e-con e-parent\" data-id=\"efe43b8\" data-element_type=\"container\">\n\t\t\t\t\t<div class=\"e-con-inner\">\n\t\t\t\t<div class=\"elementor-element elementor-element-cff6ac5 elementor-widget elementor-widget-heading\" data-id=\"cff6ac5\" data-element_type=\"widget\" data-widget_type=\"heading.default\">\n\t\t\t\t<div class=\"elementor-widget-container\">\n\t\t\t<h6 class=\"elementor-heading-title elementor-size-default\">Warum OSCOO \uff1f<\/h6>\t\t<\/div>\n\t\t\t\t<\/div>\n\t\t\t\t<div class=\"elementor-element elementor-element-f18069a elementor-widget elementor-widget-image\" data-id=\"f18069a\" data-element_type=\"widget\" data-widget_type=\"image.default\">\n\t\t\t\t<div class=\"elementor-widget-container\">\n\t\t\t\t\t\t\t\t\t\t\t\t\t<img loading=\"lazy\" decoding=\"async\" width=\"1920\" height=\"400\" src=\"https:\/\/www.oscoo.com\/wp-content\/uploads\/2024\/10\/why-oscoo.webp\" class=\"attachment-full size-full wp-image-847\" alt=\"\" srcset=\"https:\/\/www.oscoo.com\/wp-content\/uploads\/2024\/10\/why-oscoo.webp 1920w, https:\/\/www.oscoo.com\/wp-content\/uploads\/2024\/10\/why-oscoo-500x104.webp 500w, https:\/\/www.oscoo.com\/wp-content\/uploads\/2024\/10\/why-oscoo-800x167.webp 800w, https:\/\/www.oscoo.com\/wp-content\/uploads\/2024\/10\/why-oscoo-300x63.webp 300w, https:\/\/www.oscoo.com\/wp-content\/uploads\/2024\/10\/why-oscoo-1024x213.webp 1024w, https:\/\/www.oscoo.com\/wp-content\/uploads\/2024\/10\/why-oscoo-768x160.webp 768w, https:\/\/www.oscoo.com\/wp-content\/uploads\/2024\/10\/why-oscoo-1536x320.webp 1536w\" sizes=\"auto, (max-width: 1920px) 100vw, 1920px\" title=\"\">\t\t\t\t\t\t\t\t\t\t\t\t\t<\/div>\n\t\t\t\t<\/div>\n\t\t\t\t\t<\/div>\n\t\t\t\t<\/div>\n\t\t<div class=\"elementor-element elementor-element-439537a e-flex e-con-boxed e-con e-parent\" data-id=\"439537a\" data-element_type=\"container\" data-settings=\"{&quot;background_background&quot;:&quot;classic&quot;}\">\n\t\t\t\t\t<div class=\"e-con-inner\">\n\t\t<div class=\"elementor-element elementor-element-ff64a3b e-flex e-con-boxed e-con e-child\" data-id=\"ff64a3b\" data-element_type=\"container\" data-settings=\"{&quot;background_background&quot;:&quot;classic&quot;}\">\n\t\t\t\t\t<div class=\"e-con-inner\">\n\t\t\t\t<div class=\"elementor-element elementor-element-78395b8 elementor-position-left elementor-vertical-align-middle elementor-view-default elementor-mobile-position-top elementor-widget elementor-widget-icon-box\" data-id=\"78395b8\" data-element_type=\"widget\" data-widget_type=\"icon-box.default\">\n\t\t\t\t<div class=\"elementor-widget-container\">\n\t\t\t\t\t<div class=\"elementor-icon-box-wrapper\">\n\n\t\t\t\t\t\t<div class=\"elementor-icon-box-icon\">\n\t\t\t\t<span  class=\"elementor-icon elementor-animation-\">\n\t\t\t\t<svg aria-hidden=\"true\" class=\"e-font-icon-svg e-fas-database\" viewbox=\"0 0 448 512\" xmlns=\"http:\/\/www.w3.org\/2000\/svg\"><path d=\"M448 73.143v45.714C448 159.143 347.667 192 224 192S0 159.143 0 118.857V73.143C0 32.857 100.333 0 224 0s224 32.857 224 73.143zM448 176v102.857C448 319.143 347.667 352 224 352S0 319.143 0 278.857V176c48.125 33.143 136.208 48.572 224 48.572S399.874 209.143 448 176zm0 160v102.857C448 479.143 347.667 512 224 512S0 479.143 0 438.857V336c48.125 33.143 136.208 48.572 224 48.572S399.874 369.143 448 336z\"><\/path><\/svg>\t\t\t\t<\/span>\n\t\t\t<\/div>\n\t\t\t\n\t\t\t\t\t\t<div class=\"elementor-icon-box-content\">\n\n\t\t\t\t\t\t\t\t\t<h3 class=\"elementor-icon-box-title\">\n\t\t\t\t\t\t<span  >\n\t\t\t\t\t\t\tUltimative Leistung\t\t\t\t\t\t<\/span>\n\t\t\t\t\t<\/h3>\n\t\t\t\t\n\t\t\t\t\t\t\t\t\t<p class=\"elementor-icon-box-description\">\n\t\t\t\t\t\tOSCOO SSDs bieten eine unvergleichliche Geschwindigkeit, die es Ihnen erm\u00f6glicht, Ihre Lieblingsspiele im Handumdrehen zu starten und die Ladezeiten im Spiel zu reduzieren. Verabschieden Sie sich von Verz\u00f6gerungen und begr\u00fc\u00dfen Sie ein nahtloses Gameplay.\t\t\t\t\t<\/p>\n\t\t\t\t\n\t\t\t<\/div>\n\t\t\t\n\t\t<\/div>\n\t\t\t\t<\/div>\n\t\t\t\t<\/div>\n\t\t\t\t<div class=\"elementor-element elementor-element-bfb8e07 elementor-position-left elementor-vertical-align-middle elementor-view-default elementor-mobile-position-top elementor-widget elementor-widget-icon-box\" data-id=\"bfb8e07\" data-element_type=\"widget\" data-widget_type=\"icon-box.default\">\n\t\t\t\t<div class=\"elementor-widget-container\">\n\t\t\t\t\t<div class=\"elementor-icon-box-wrapper\">\n\n\t\t\t\t\t\t<div class=\"elementor-icon-box-icon\">\n\t\t\t\t<span  class=\"elementor-icon elementor-animation-\">\n\t\t\t\t<svg aria-hidden=\"true\" class=\"e-font-icon-svg e-fas-lock\" viewbox=\"0 0 448 512\" xmlns=\"http:\/\/www.w3.org\/2000\/svg\"><path d=\"M400 224h-24v-72C376 68.2 307.8 0 224 0S72 68.2 72 152v72H48c-26.5 0-48 21.5-48 48v192c0 26.5 21.5 48 48 48h352c26.5 0 48-21.5 48-48V272c0-26.5-21.5-48-48-48zm-104 0H152v-72c0-39.7 32.3-72 72-72s72 32.3 72 72v72z\"><\/path><\/svg>\t\t\t\t<\/span>\n\t\t\t<\/div>\n\t\t\t\n\t\t\t\t\t\t<div class=\"elementor-icon-box-content\">\n\n\t\t\t\t\t\t\t\t\t<h3 class=\"elementor-icon-box-title\">\n\t\t\t\t\t\t<span  >\n\t\t\t\t\t\t\tVerl\u00e4sslichkeit\t\t\t\t\t\t<\/span>\n\t\t\t\t\t<\/h3>\n\t\t\t\t\n\t\t\t\t\t\t\t\t\t<p class=\"elementor-icon-box-description\">\n\t\t\t\t\t\tVertrauen Sie auf die Langlebigkeit der OSCOO SSDs, die sicherstellen, dass Ihre Spieldaten auch bei intensiven Spielesessions sicher und gesch\u00fctzt bleiben.\n\n\t\t\t\t\t<\/p>\n\t\t\t\t\n\t\t\t<\/div>\n\t\t\t\n\t\t<\/div>\n\t\t\t\t<\/div>\n\t\t\t\t<\/div>\n\t\t\t\t<div class=\"elementor-element elementor-element-b20523f elementor-position-left elementor-vertical-align-middle elementor-view-default elementor-mobile-position-top elementor-widget elementor-widget-icon-box\" data-id=\"b20523f\" data-element_type=\"widget\" data-widget_type=\"icon-box.default\">\n\t\t\t\t<div class=\"elementor-widget-container\">\n\t\t\t\t\t<div class=\"elementor-icon-box-wrapper\">\n\n\t\t\t\t\t\t<div class=\"elementor-icon-box-icon\">\n\t\t\t\t<span  class=\"elementor-icon elementor-animation-\">\n\t\t\t\t<svg aria-hidden=\"true\" class=\"e-font-icon-svg e-fas-band-aid\" viewbox=\"0 0 640 512\" xmlns=\"http:\/\/www.w3.org\/2000\/svg\"><path d=\"M0 160v192c0 35.3 28.7 64 64 64h96V96H64c-35.3 0-64 28.7-64 64zm576-64h-96v320h96c35.3 0 64-28.7 64-64V160c0-35.3-28.7-64-64-64zM192 416h256V96H192v320zm176-232c13.3 0 24 10.7 24 24s-10.7 24-24 24-24-10.7-24-24 10.7-24 24-24zm0 96c13.3 0 24 10.7 24 24s-10.7 24-24 24-24-10.7-24-24 10.7-24 24-24zm-96-96c13.3 0 24 10.7 24 24s-10.7 24-24 24-24-10.7-24-24 10.7-24 24-24zm0 96c13.3 0 24 10.7 24 24s-10.7 24-24 24-24-10.7-24-24 10.7-24 24-24z\"><\/path><\/svg>\t\t\t\t<\/span>\n\t\t\t<\/div>\n\t\t\t\n\t\t\t\t\t\t<div class=\"elementor-icon-box-content\">\n\n\t\t\t\t\t\t\t\t\t<h3 class=\"elementor-icon-box-title\">\n\t\t\t\t\t\t<span  >\n\t\t\t\t\t\t\tEsports-Exzellenz\t\t\t\t\t\t<\/span>\n\t\t\t\t\t<\/h3>\n\t\t\t\t\n\t\t\t\t\t\t\t\t\t<p class=\"elementor-icon-box-description\">\n\t\t\t\t\t\tF\u00fcr Esports-Enthusiasten verbessern OSCOO SSDs die Spielpr\u00e4zision und Reaktionszeit, so dass Sie sich auf die Strategie konzentrieren und Ihre Gegner ausstechen k\u00f6nnen.\n\t\t\t\t\t<\/p>\n\t\t\t\t\n\t\t\t<\/div>\n\t\t\t\n\t\t<\/div>\n\t\t\t\t<\/div>\n\t\t\t\t<\/div>\n\t\t\t\t<div class=\"elementor-element elementor-element-51eac70 elementor-position-left elementor-vertical-align-middle elementor-view-default elementor-mobile-position-top elementor-widget elementor-widget-icon-box\" data-id=\"51eac70\" data-element_type=\"widget\" data-widget_type=\"icon-box.default\">\n\t\t\t\t<div class=\"elementor-widget-container\">\n\t\t\t\t\t<div class=\"elementor-icon-box-wrapper\">\n\n\t\t\t\t\t\t<div class=\"elementor-icon-box-icon\">\n\t\t\t\t<span  class=\"elementor-icon elementor-animation-\">\n\t\t\t\t<svg aria-hidden=\"true\" class=\"e-font-icon-svg e-fas-medal\" viewbox=\"0 0 512 512\" xmlns=\"http:\/\/www.w3.org\/2000\/svg\"><path d=\"M223.75 130.75L154.62 15.54A31.997 31.997 0 0 0 127.18 0H16.03C3.08 0-4.5 14.57 2.92 25.18l111.27 158.96c29.72-27.77 67.52-46.83 109.56-53.39zM495.97 0H384.82c-11.24 0-21.66 5.9-27.44 15.54l-69.13 115.21c42.04 6.56 79.84 25.62 109.56 53.38L509.08 25.18C516.5 14.57 508.92 0 495.97 0zM256 160c-97.2 0-176 78.8-176 176s78.8 176 176 176 176-78.8 176-176-78.8-176-176-176zm92.52 157.26l-37.93 36.96 8.97 52.22c1.6 9.36-8.26 16.51-16.65 12.09L256 393.88l-46.9 24.65c-8.4 4.45-18.25-2.74-16.65-12.09l8.97-52.22-37.93-36.96c-6.82-6.64-3.05-18.23 6.35-19.59l52.43-7.64 23.43-47.52c2.11-4.28 6.19-6.39 10.28-6.39 4.11 0 8.22 2.14 10.33 6.39l23.43 47.52 52.43 7.64c9.4 1.36 13.17 12.95 6.35 19.59z\"><\/path><\/svg>\t\t\t\t<\/span>\n\t\t\t<\/div>\n\t\t\t\n\t\t\t\t\t\t<div class=\"elementor-icon-box-content\">\n\n\t\t\t\t\t\t\t\t\t<h3 class=\"elementor-icon-box-title\">\n\t\t\t\t\t\t<span  >\n\t\t\t\t\t\t\tWettbewerbsvorteil\t\t\t\t\t\t<\/span>\n\t\t\t\t\t<\/h3>\n\t\t\t\t\n\t\t\t\t\t\t\t\t\t<p class=\"elementor-icon-box-description\">\n\t\t\t\t\t\tVerschaffen Sie sich einen Wettbewerbsvorteil mit den SSDs von OSCOO, die einen schnelleren Datenzugriff und k\u00fcrzere Reaktionszeiten bieten und Ihnen in jedem Spiel die Oberhand verschaffen.\n\t\t\t\t\t<\/p>\n\t\t\t\t\n\t\t\t<\/div>\n\t\t\t\n\t\t<\/div>\n\t\t\t\t<\/div>\n\t\t\t\t<\/div>\n\t\t\t\t<div class=\"elementor-element elementor-element-258b838 elementor-position-left elementor-vertical-align-middle elementor-view-default elementor-mobile-position-top elementor-widget elementor-widget-icon-box\" data-id=\"258b838\" data-element_type=\"widget\" data-widget_type=\"icon-box.default\">\n\t\t\t\t<div class=\"elementor-widget-container\">\n\t\t\t\t\t<div class=\"elementor-icon-box-wrapper\">\n\n\t\t\t\t\t\t<div class=\"elementor-icon-box-icon\">\n\t\t\t\t<span  class=\"elementor-icon elementor-animation-\">\n\t\t\t\t<svg aria-hidden=\"true\" class=\"e-font-icon-svg e-fas-arrow-alt-circle-up\" viewbox=\"0 0 512 512\" xmlns=\"http:\/\/www.w3.org\/2000\/svg\"><path d=\"M8 256C8 119 119 8 256 8s248 111 248 248-111 248-248 248S8 393 8 256zm292 116V256h70.9c10.7 0 16.1-13 8.5-20.5L264.5 121.2c-4.7-4.7-12.2-4.7-16.9 0l-115 114.3c-7.6 7.6-2.2 20.5 8.5 20.5H212v116c0 6.6 5.4 12 12 12h64c6.6 0 12-5.4 12-12z\"><\/path><\/svg>\t\t\t\t<\/span>\n\t\t\t<\/div>\n\t\t\t\n\t\t\t\t\t\t<div class=\"elementor-icon-box-content\">\n\n\t\t\t\t\t\t\t\t\t<h3 class=\"elementor-icon-box-title\">\n\t\t\t\t\t\t<span  >\n\t\t\t\t\t\t\tAktualisieren Sie Ihr Arsenal\t\t\t\t\t\t<\/span>\n\t\t\t\t\t<\/h3>\n\t\t\t\t\n\t\t\t\t\t\t\t\t\t<p class=\"elementor-icon-box-description\">\n\t\t\t\t\t\tVerbessern Sie die Leistung Ihres Gaming-Systems durch ein Upgrade auf OSCOO SSDs. Erleben Sie fl\u00fcssigere Grafiken, k\u00fcrzere Ladezeiten und eine insgesamt verbesserte Spielumgebung.\n\t\t\t\t\t<\/p>\n\t\t\t\t\n\t\t\t<\/div>\n\t\t\t\n\t\t<\/div>\n\t\t\t\t<\/div>\n\t\t\t\t<\/div>\n\t\t\t\t\t<\/div>\n\t\t\t\t<\/div>\n\t\t\t\t\t<\/div>\n\t\t\t\t<\/div>\n\t\t\t\t<\/div>","protected":false},"excerpt":{"rendered":"<p>Application &gt;&gt; Gaming &amp; Esports SSD DDR Memory Gaming &amp; Esports Dive into the immersive world of gaming and esports with OSCOO&#8217;s cutting-edge storage solutions. [&hellip;]<\/p>\n","protected":false},"author":567,"featured_media":0,"parent":0,"menu_order":0,"comment_status":"closed","ping_status":"closed","template":"","meta":{"_acf_changed":false,"site-sidebar-layout":"no-sidebar","site-content-layout":"page-builder","ast-site-content-layout":"full-width-container","site-content-style":"default","site-sidebar-style":"default","ast-global-header-display":"","ast-banner-title-visibility":"","ast-main-header-display":"","ast-hfb-above-header-display":"","ast-hfb-below-header-display":"","ast-hfb-mobile-header-display":"","site-post-title":"disabled","ast-breadcrumbs-content":"","ast-featured-img":"disabled","footer-sml-layout":"","theme-transparent-header-meta":"","adv-header-id-meta":"","stick-header-meta":"","header-above-stick-meta":"","header-main-stick-meta":"","header-below-stick-meta":"","astra-migrate-meta-layouts":"set","ast-page-background-enabled":"default","ast-page-background-meta":{"desktop":{"background-color":"var(--ast-global-color-4)","background-image":"","background-repeat":"repeat","background-position":"center center","background-size":"auto","background-attachment":"scroll","background-type":"","background-media":"","overlay-type":"","overlay-color":"","overlay-opacity":"","overlay-gradient":""},"tablet":{"background-color":"","background-image":"","background-repeat":"repeat","background-position":"center center","background-size":"auto","background-attachment":"scroll","background-type":"","background-media":"","overlay-type":"","overlay-color":"","overlay-opacity":"","overlay-gradient":""},"mobile":{"background-color":"","background-image":"","background-repeat":"repeat","background-position":"center center","background-size":"auto","background-attachment":"scroll","background-type":"","background-media":"","overlay-type":"","overlay-color":"","overlay-opacity":"","overlay-gradient":""}},"ast-content-background-meta":{"desktop":{"background-color":"var(--ast-global-color-5)","background-image":"","background-repeat":"repeat","background-position":"center center","background-size":"auto","background-attachment":"scroll","background-type":"","background-media":"","overlay-type":"","overlay-color":"","overlay-opacity":"","overlay-gradient":""},"tablet":{"background-color":"var(--ast-global-color-5)","background-image":"","background-repeat":"repeat","background-position":"center center","background-size":"auto","background-attachment":"scroll","background-type":"","background-media":"","overlay-type":"","overlay-color":"","overlay-opacity":"","overlay-gradient":""},"mobile":{"background-color":"var(--ast-global-color-5)","background-image":"","background-repeat":"repeat","background-position":"center center","background-size":"auto","background-attachment":"scroll","background-type":"","background-media":"","overlay-type":"","overlay-color":"","overlay-opacity":"","overlay-gradient":""}},"footnotes":""},"class_list":["post-822","page","type-page","status-publish","hentry"],"acf":[],"_links":{"self":[{"href":"https:\/\/www.oscoo.com\/de\/wp-json\/wp\/v2\/pages\/822","targetHints":{"allow":["GET"]}}],"collection":[{"href":"https:\/\/www.oscoo.com\/de\/wp-json\/wp\/v2\/pages"}],"about":[{"href":"https:\/\/www.oscoo.com\/de\/wp-json\/wp\/v2\/types\/page"}],"author":[{"embeddable":true,"href":"https:\/\/www.oscoo.com\/de\/wp-json\/wp\/v2\/users\/567"}],"replies":[{"embeddable":true,"href":"https:\/\/www.oscoo.com\/de\/wp-json\/wp\/v2\/comments?post=822"}],"version-history":[{"count":0,"href":"https:\/\/www.oscoo.com\/de\/wp-json\/wp\/v2\/pages\/822\/revisions"}],"wp:attachment":[{"href":"https:\/\/www.oscoo.com\/de\/wp-json\/wp\/v2\/media?parent=822"}],"curies":[{"name":"wp","href":"https:\/\/api.w.org\/{rel}","templated":true}]}}