{"id":1322,"date":"2024-11-04T06:21:29","date_gmt":"2024-11-04T06:21:29","guid":{"rendered":"https:\/\/www.oscoo.com\/?page_id=1322"},"modified":"2025-01-02T09:56:13","modified_gmt":"2025-01-02T09:56:13","slug":"applications-enterprise","status":"publish","type":"page","link":"https:\/\/www.oscoo.com\/de\/applications-enterprise\/","title":{"rendered":"Unternehmen"},"content":{"rendered":"<div data-elementor-type=\"wp-page\" data-elementor-id=\"1322\" class=\"elementor elementor-1322\" data-elementor-post-type=\"page\">\n\t\t\t\t<div class=\"elementor-element elementor-element-f41d9f7 e-flex e-con-boxed e-con e-parent\" data-id=\"f41d9f7\" data-element_type=\"container\" data-settings=\"{&quot;background_background&quot;:&quot;classic&quot;}\">\n\t\t\t\t\t<div class=\"e-con-inner\">\n\t\t\t\t<div class=\"elementor-element elementor-element-1d950a7 elementor-widget elementor-widget-heading\" data-id=\"1d950a7\" data-element_type=\"widget\" data-widget_type=\"heading.default\">\n\t\t\t\t<div class=\"elementor-widget-container\">\n\t\t\t<h1 class=\"elementor-heading-title elementor-size-default\">Anwendung &gt;&gt; Unternehmen<\/h1>\t\t<\/div>\n\t\t\t\t<\/div>\n\t\t\t\t\t<\/div>\n\t\t\t\t<\/div>\n\t\t<div class=\"elementor-element elementor-element-f53b555 e-flex e-con-boxed e-con e-parent\" data-id=\"f53b555\" data-element_type=\"container\" data-settings=\"{&quot;background_background&quot;:&quot;classic&quot;}\">\n\t\t\t\t\t<div class=\"e-con-inner\">\n\t\t\t\t<div class=\"elementor-element elementor-element-5658056 elementor-position-top elementor-widget elementor-widget-image-box\" data-id=\"5658056\" data-element_type=\"widget\" data-widget_type=\"image-box.default\">\n\t\t\t\t<div class=\"elementor-widget-container\">\n\t\t\t<div class=\"elementor-image-box-wrapper\"><figure class=\"elementor-image-box-img\"><a href=\"\/de\/products-category\/enterprise-ssd\/\" tabindex=\"-1\"><img loading=\"lazy\" decoding=\"async\" width=\"141\" height=\"68\" src=\"https:\/\/www.oscoo.com\/wp-content\/uploads\/2024\/11\/Find-OSCOO-Enterprise-SSD.png\" class=\"attachment-full size-full wp-image-4603\" alt=\"\" title=\"\"><\/a><\/figure><div class=\"elementor-image-box-content\"><h5 class=\"elementor-image-box-title\"><a href=\"\/de\/products-category\/enterprise-ssd\/\">Unternehmens-SSD<\/a><\/h5><\/div><\/div>\t\t<\/div>\n\t\t\t\t<\/div>\n\t\t\t\t\t<\/div>\n\t\t\t\t<\/div>\n\t\t<div class=\"elementor-element elementor-element-512fe24 e-flex e-con-boxed e-con e-parent\" data-id=\"512fe24\" data-element_type=\"container\" data-settings=\"{&quot;background_background&quot;:&quot;classic&quot;}\">\n\t\t\t\t\t<div class=\"e-con-inner\">\n\t\t\t\t<div class=\"elementor-element elementor-element-960fa95 elementor-widget elementor-widget-heading\" data-id=\"960fa95\" data-element_type=\"widget\" data-widget_type=\"heading.default\">\n\t\t\t\t<div class=\"elementor-widget-container\">\n\t\t\t<h2 class=\"elementor-heading-title elementor-size-default\">Unternehmen<\/h2>\t\t<\/div>\n\t\t\t\t<\/div>\n\t\t\t\t<div class=\"elementor-element elementor-element-e8d9705 elementor-widget elementor-widget-text-editor\" data-id=\"e8d9705\" data-element_type=\"widget\" data-widget_type=\"text-editor.default\">\n\t\t\t\t<div class=\"elementor-widget-container\">\n\t\t\t\t\t\t\t<p>In der \u00c4ra der digitalen Transformation bieten OSCOO Enterprise SSDs robuste L\u00f6sungen f\u00fcr datenintensive Anwendungen in Servern und Rechenzentren. Unsere SSDs wurden speziell f\u00fcr Unternehmensumgebungen entwickelt und bieten un\u00fcbertroffene Geschwindigkeit, Zuverl\u00e4ssigkeit und Skalierbarkeit, um die effiziente Verwaltung gro\u00dfer Daten-Workloads zu gew\u00e4hrleisten. Ob f\u00fcr Cloud Computing, Datenbankmanagement oder Virtualisierung, OSCOO Enterprise SSDs erm\u00f6glichen es Unternehmen, hohe Anforderungen mit Leichtigkeit zu erf\u00fcllen.<\/p>\t\t\t\t\t\t<\/div>\n\t\t\t\t<\/div>\n\t\t\t\t<div class=\"elementor-element elementor-element-78df9e0 elementor-widget elementor-widget-image\" data-id=\"78df9e0\" data-element_type=\"widget\" data-widget_type=\"image.default\">\n\t\t\t\t<div class=\"elementor-widget-container\">\n\t\t\t\t\t\t\t\t\t\t\t\t\t<img loading=\"lazy\" decoding=\"async\" width=\"1000\" height=\"450\" src=\"https:\/\/www.oscoo.com\/wp-content\/uploads\/2024\/11\/OSCOO-Enterprise-Storage-Solutions.webp\" class=\"attachment-full size-full wp-image-2315\" alt=\"\" srcset=\"https:\/\/www.oscoo.com\/wp-content\/uploads\/2024\/11\/OSCOO-Enterprise-Storage-Solutions.webp 1000w, https:\/\/www.oscoo.com\/wp-content\/uploads\/2024\/11\/OSCOO-Enterprise-Storage-Solutions-300x135.webp 300w, https:\/\/www.oscoo.com\/wp-content\/uploads\/2024\/11\/OSCOO-Enterprise-Storage-Solutions-768x346.webp 768w, https:\/\/www.oscoo.com\/wp-content\/uploads\/2024\/11\/OSCOO-Enterprise-Storage-Solutions-500x225.webp 500w, https:\/\/www.oscoo.com\/wp-content\/uploads\/2024\/11\/OSCOO-Enterprise-Storage-Solutions-800x360.webp 800w\" sizes=\"auto, (max-width: 1000px) 100vw, 1000px\" title=\"\">\t\t\t\t\t\t\t\t\t\t\t\t\t<\/div>\n\t\t\t\t<\/div>\n\t\t\t\t\t<\/div>\n\t\t\t\t<\/div>\n\t\t<div class=\"elementor-element elementor-element-d2f3268 e-flex e-con-boxed e-con e-parent\" data-id=\"d2f3268\" data-element_type=\"container\">\n\t\t\t\t\t<div class=\"e-con-inner\">\n\t\t<div class=\"elementor-element elementor-element-06b29c6 e-con-full e-flex e-con e-child\" data-id=\"06b29c6\" data-element_type=\"container\">\n\t\t\t\t<div class=\"elementor-element elementor-element-facbdb1 elementor-widget elementor-widget-heading\" data-id=\"facbdb1\" data-element_type=\"widget\" data-widget_type=\"heading.default\">\n\t\t\t\t<div class=\"elementor-widget-container\">\n\t\t\t<h2 class=\"elementor-heading-title elementor-size-default\">Solid-State-Laufwerke (SSD)\n<\/h2>\t\t<\/div>\n\t\t\t\t<\/div>\n\t\t\t\t<\/div>\n\t\t<div class=\"elementor-element elementor-element-08121c6 e-con-full e-flex e-con e-child\" data-id=\"08121c6\" data-element_type=\"container\">\n\t\t\t\t<div class=\"elementor-element elementor-element-2e488bc elementor-widget elementor-widget-image\" data-id=\"2e488bc\" data-element_type=\"widget\" data-widget_type=\"image.default\">\n\t\t\t\t<div class=\"elementor-widget-container\">\n\t\t\t\t\t\t\t\t\t\t\t\t\t\t<a href=\"\/de\/product\/oe100-2-5-sata-enterprise-ssd\/\">\n\t\t\t\t\t\t\t<img loading=\"lazy\" decoding=\"async\" width=\"1000\" height=\"1000\" src=\"https:\/\/www.oscoo.com\/wp-content\/uploads\/2024\/11\/OE200-Enterprise-SSD-03.webp\" class=\"attachment-full size-full wp-image-1672\" alt=\"\" srcset=\"https:\/\/www.oscoo.com\/wp-content\/uploads\/2024\/11\/OE200-Enterprise-SSD-03.webp 1000w, https:\/\/www.oscoo.com\/wp-content\/uploads\/2024\/11\/OE200-Enterprise-SSD-03-500x500.webp 500w, https:\/\/www.oscoo.com\/wp-content\/uploads\/2024\/11\/OE200-Enterprise-SSD-03-100x100.webp 100w, https:\/\/www.oscoo.com\/wp-content\/uploads\/2024\/11\/OE200-Enterprise-SSD-03-800x800.webp 800w, https:\/\/www.oscoo.com\/wp-content\/uploads\/2024\/11\/OE200-Enterprise-SSD-03-300x300.webp 300w, https:\/\/www.oscoo.com\/wp-content\/uploads\/2024\/11\/OE200-Enterprise-SSD-03-150x150.webp 150w, https:\/\/www.oscoo.com\/wp-content\/uploads\/2024\/11\/OE200-Enterprise-SSD-03-768x768.webp 768w\" sizes=\"auto, (max-width: 1000px) 100vw, 1000px\" title=\"\">\t\t\t\t\t\t\t\t<\/a>\n\t\t\t\t\t\t\t\t\t\t\t\t\t<\/div>\n\t\t\t\t<\/div>\n\t\t\t\t<div class=\"elementor-element elementor-element-e3841f8 elementor-widget elementor-widget-text-editor\" data-id=\"e3841f8\" data-element_type=\"widget\" data-widget_type=\"text-editor.default\">\n\t\t\t\t<div class=\"elementor-widget-container\">\n\t\t\t\t\t\t\t<p>Die mit modernster NAND-Technologie ausgestatteten OSCOO Enterprise SSDs sind f\u00fcr die Bew\u00e4ltigung strenger Lese-\/Schreibzyklen optimiert, die f\u00fcr kritische Server- und Rechenzentrumsoperationen erforderlich sind. Diese SSDs liefern hohe IOPS und niedrige Latenzzeiten, was sie ideal f\u00fcr Echtzeit-Datenverarbeitung, maschinelles Lernen und KI-Anwendungen macht. Mit verbesserter Energieeffizienz und einem Design, das f\u00fcr den Dauerbetrieb ausgelegt ist, helfen OSCOO Enterprise SSDs Rechenzentren, eine optimale Leistung aufrechtzuerhalten und gleichzeitig Betriebskosten und Energieverbrauch zu senken.<\/p>\t\t\t\t\t\t<\/div>\n\t\t\t\t<\/div>\n\t\t\t\t<\/div>\n\t\t<div class=\"elementor-element elementor-element-994e307 e-con-full e-flex e-con e-child\" data-id=\"994e307\" data-element_type=\"container\">\n\t\t\t\t<div class=\"elementor-element elementor-element-125e979 elementor-widget elementor-widget-image\" data-id=\"125e979\" data-element_type=\"widget\" data-widget_type=\"image.default\">\n\t\t\t\t<div class=\"elementor-widget-container\">\n\t\t\t\t\t\t\t\t\t\t\t\t\t\t<a href=\"\/de\/product\/oe200-u-2-nvme-enterprise-ssd\/\">\n\t\t\t\t\t\t\t<img loading=\"lazy\" decoding=\"async\" width=\"1000\" height=\"1000\" src=\"https:\/\/www.oscoo.com\/wp-content\/uploads\/2024\/11\/OE100-Enterprise-SSD-02.webp\" class=\"attachment-full size-full wp-image-1666\" alt=\"\" srcset=\"https:\/\/www.oscoo.com\/wp-content\/uploads\/2024\/11\/OE100-Enterprise-SSD-02.webp 1000w, https:\/\/www.oscoo.com\/wp-content\/uploads\/2024\/11\/OE100-Enterprise-SSD-02-500x500.webp 500w, https:\/\/www.oscoo.com\/wp-content\/uploads\/2024\/11\/OE100-Enterprise-SSD-02-100x100.webp 100w, https:\/\/www.oscoo.com\/wp-content\/uploads\/2024\/11\/OE100-Enterprise-SSD-02-800x800.webp 800w, https:\/\/www.oscoo.com\/wp-content\/uploads\/2024\/11\/OE100-Enterprise-SSD-02-300x300.webp 300w, https:\/\/www.oscoo.com\/wp-content\/uploads\/2024\/11\/OE100-Enterprise-SSD-02-150x150.webp 150w, https:\/\/www.oscoo.com\/wp-content\/uploads\/2024\/11\/OE100-Enterprise-SSD-02-768x768.webp 768w\" sizes=\"auto, (max-width: 1000px) 100vw, 1000px\" title=\"\">\t\t\t\t\t\t\t\t<\/a>\n\t\t\t\t\t\t\t\t\t\t\t\t\t<\/div>\n\t\t\t\t<\/div>\n\t\t\t\t<div class=\"elementor-element elementor-element-881fde0 elementor-widget elementor-widget-text-editor\" data-id=\"881fde0\" data-element_type=\"widget\" data-widget_type=\"text-editor.default\">\n\t\t\t\t<div class=\"elementor-widget-container\">\n\t\t\t\t\t\t\t<p>Durch die Integration von OSCOO Enterprise SSDs in Ihre Infrastruktur erreichen Unternehmen die Skalierbarkeit und Ausfallsicherheit, die f\u00fcr moderne IT-Umgebungen unerl\u00e4sslich sind. Unsere SSDs bieten die Flexibilit\u00e4t und Langlebigkeit, die ein langfristiges Wachstum unterst\u00fctzen und es Unternehmen erm\u00f6glichen, sich nahtlos an steigende Datenanforderungen anzupassen. Die Unternehmensl\u00f6sungen von OSCOO erm\u00f6glichen es Ihren Servern und Rechenzentren, mit h\u00f6chster Effizienz zu arbeiten und den Erfolg in einer datengesteuerten Welt zu f\u00f6rdern.<\/p>\t\t\t\t\t\t<\/div>\n\t\t\t\t<\/div>\n\t\t\t\t<\/div>\n\t\t\t\t\t<\/div>\n\t\t\t\t<\/div>\n\t\t<div class=\"elementor-element elementor-element-1ef55df e-flex e-con-boxed e-con e-parent\" data-id=\"1ef55df\" data-element_type=\"container\">\n\t\t\t\t\t<div class=\"e-con-inner\">\n\t\t\t\t<div class=\"elementor-element elementor-element-b64f698 elementor-widget elementor-widget-heading\" data-id=\"b64f698\" data-element_type=\"widget\" data-widget_type=\"heading.default\">\n\t\t\t\t<div class=\"elementor-widget-container\">\n\t\t\t<h6 class=\"elementor-heading-title elementor-size-default\">Warum OSCOO \uff1f<\/h6>\t\t<\/div>\n\t\t\t\t<\/div>\n\t\t\t\t<div class=\"elementor-element elementor-element-c508b2d elementor-widget elementor-widget-image\" data-id=\"c508b2d\" data-element_type=\"widget\" data-widget_type=\"image.default\">\n\t\t\t\t<div class=\"elementor-widget-container\">\n\t\t\t\t\t\t\t\t\t\t\t\t\t<img loading=\"lazy\" decoding=\"async\" width=\"1920\" height=\"400\" src=\"https:\/\/www.oscoo.com\/wp-content\/uploads\/2024\/10\/why-oscoo.webp\" class=\"attachment-full size-full wp-image-847\" alt=\"\" srcset=\"https:\/\/www.oscoo.com\/wp-content\/uploads\/2024\/10\/why-oscoo.webp 1920w, https:\/\/www.oscoo.com\/wp-content\/uploads\/2024\/10\/why-oscoo-500x104.webp 500w, https:\/\/www.oscoo.com\/wp-content\/uploads\/2024\/10\/why-oscoo-800x167.webp 800w, https:\/\/www.oscoo.com\/wp-content\/uploads\/2024\/10\/why-oscoo-300x63.webp 300w, https:\/\/www.oscoo.com\/wp-content\/uploads\/2024\/10\/why-oscoo-1024x213.webp 1024w, https:\/\/www.oscoo.com\/wp-content\/uploads\/2024\/10\/why-oscoo-768x160.webp 768w, https:\/\/www.oscoo.com\/wp-content\/uploads\/2024\/10\/why-oscoo-1536x320.webp 1536w\" sizes=\"auto, (max-width: 1920px) 100vw, 1920px\" title=\"\">\t\t\t\t\t\t\t\t\t\t\t\t\t<\/div>\n\t\t\t\t<\/div>\n\t\t\t\t\t<\/div>\n\t\t\t\t<\/div>\n\t\t<div class=\"elementor-element elementor-element-86a7d4e e-flex e-con-boxed e-con e-parent\" data-id=\"86a7d4e\" data-element_type=\"container\" data-settings=\"{&quot;background_background&quot;:&quot;classic&quot;}\">\n\t\t\t\t\t<div class=\"e-con-inner\">\n\t\t<div class=\"elementor-element elementor-element-8de4a27 e-flex e-con-boxed e-con e-child\" data-id=\"8de4a27\" data-element_type=\"container\" data-settings=\"{&quot;background_background&quot;:&quot;classic&quot;}\">\n\t\t\t\t\t<div class=\"e-con-inner\">\n\t\t\t\t<div class=\"elementor-element elementor-element-6a90d2c elementor-position-left elementor-vertical-align-middle elementor-view-default elementor-mobile-position-top elementor-widget elementor-widget-icon-box\" data-id=\"6a90d2c\" data-element_type=\"widget\" data-widget_type=\"icon-box.default\">\n\t\t\t\t<div class=\"elementor-widget-container\">\n\t\t\t\t\t<div class=\"elementor-icon-box-wrapper\">\n\n\t\t\t\t\t\t<div class=\"elementor-icon-box-icon\">\n\t\t\t\t<span  class=\"elementor-icon elementor-animation-\">\n\t\t\t\t<svg aria-hidden=\"true\" class=\"e-font-icon-svg e-fas-landmark\" viewbox=\"0 0 512 512\" xmlns=\"http:\/\/www.w3.org\/2000\/svg\"><path d=\"M501.62 92.11L267.24 2.04a31.958 31.958 0 0 0-22.47 0L10.38 92.11A16.001 16.001 0 0 0 0 107.09V144c0 8.84 7.16 16 16 16h480c8.84 0 16-7.16 16-16v-36.91c0-6.67-4.14-12.64-10.38-14.98zM64 192v160H48c-8.84 0-16 7.16-16 16v48h448v-48c0-8.84-7.16-16-16-16h-16V192h-64v160h-96V192h-64v160h-96V192H64zm432 256H16c-8.84 0-16 7.16-16 16v32c0 8.84 7.16 16 16 16h480c8.84 0 16-7.16 16-16v-32c0-8.84-7.16-16-16-16z\"><\/path><\/svg>\t\t\t\t<\/span>\n\t\t\t<\/div>\n\t\t\t\n\t\t\t\t\t\t<div class=\"elementor-icon-box-content\">\n\n\t\t\t\t\t\t\t\t\t<h3 class=\"elementor-icon-box-title\">\n\t\t\t\t\t\t<span  >\n\t\t\t\t\t\t\tKompetenz in F&amp;E und Produktion\t\t\t\t\t\t<\/span>\n\t\t\t\t\t<\/h3>\n\t\t\t\t\n\t\t\t\t\t\t\t\t\t<p class=\"elementor-icon-box-description\">\n\t\t\t\t\t\tMit ausgereifter Fertigungserfahrung hat sich OSCOO auf Speicherl\u00f6sungen spezialisiert, insbesondere auf SSDs f\u00fcr Unternehmen, und bietet leistungsstarke und zuverl\u00e4ssige Produkte. Unsere hauseigene Produktion und strenge Qualit\u00e4tskontrolle stellen sicher, dass jede SSD den h\u00f6chsten Standards entspricht.\t\t\t\t\t<\/p>\n\t\t\t\t\n\t\t\t<\/div>\n\t\t\t\n\t\t<\/div>\n\t\t\t\t<\/div>\n\t\t\t\t<\/div>\n\t\t\t\t<div class=\"elementor-element elementor-element-abdb069 elementor-position-left elementor-vertical-align-middle elementor-view-default elementor-mobile-position-top elementor-widget elementor-widget-icon-box\" data-id=\"abdb069\" data-element_type=\"widget\" data-widget_type=\"icon-box.default\">\n\t\t\t\t<div class=\"elementor-widget-container\">\n\t\t\t\t\t<div class=\"elementor-icon-box-wrapper\">\n\n\t\t\t\t\t\t<div class=\"elementor-icon-box-icon\">\n\t\t\t\t<span  class=\"elementor-icon elementor-animation-\">\n\t\t\t\t<svg aria-hidden=\"true\" class=\"e-font-icon-svg e-fas-database\" viewbox=\"0 0 448 512\" xmlns=\"http:\/\/www.w3.org\/2000\/svg\"><path d=\"M448 73.143v45.714C448 159.143 347.667 192 224 192S0 159.143 0 118.857V73.143C0 32.857 100.333 0 224 0s224 32.857 224 73.143zM448 176v102.857C448 319.143 347.667 352 224 352S0 319.143 0 278.857V176c48.125 33.143 136.208 48.572 224 48.572S399.874 209.143 448 176zm0 160v102.857C448 479.143 347.667 512 224 512S0 479.143 0 438.857V336c48.125 33.143 136.208 48.572 224 48.572S399.874 369.143 448 336z\"><\/path><\/svg>\t\t\t\t<\/span>\n\t\t\t<\/div>\n\t\t\t\n\t\t\t\t\t\t<div class=\"elementor-icon-box-content\">\n\n\t\t\t\t\t\t\t\t\t<h3 class=\"elementor-icon-box-title\">\n\t\t\t\t\t\t<span  >\n\t\t\t\t\t\t\tFortschrittliche Technologie und hohe Effizienz\t\t\t\t\t\t<\/span>\n\t\t\t\t\t<\/h3>\n\t\t\t\t\n\t\t\t\t\t\t\t\t\t<p class=\"elementor-icon-box-description\">\n\t\t\t\t\t\tDie Unternehmens-SSDs von OSCOO nutzen modernste Controller und 3D-NAND-Technologie, die eine hohe Lese-\/Schreibgeschwindigkeit und au\u00dfergew\u00f6hnliche Haltbarkeit bieten. Diese SSDs sind f\u00fcr anspruchsvolle Anwendungen wie Big-Data-Analysen, Cloud Computing, Datenbanken und Virtualisierung ausgelegt.\n\t\t\t\t\t<\/p>\n\t\t\t\t\n\t\t\t<\/div>\n\t\t\t\n\t\t<\/div>\n\t\t\t\t<\/div>\n\t\t\t\t<\/div>\n\t\t\t\t<div class=\"elementor-element elementor-element-5161452 elementor-position-left elementor-vertical-align-middle elementor-view-default elementor-mobile-position-top elementor-widget elementor-widget-icon-box\" data-id=\"5161452\" data-element_type=\"widget\" data-widget_type=\"icon-box.default\">\n\t\t\t\t<div class=\"elementor-widget-container\">\n\t\t\t\t\t<div class=\"elementor-icon-box-wrapper\">\n\n\t\t\t\t\t\t<div class=\"elementor-icon-box-icon\">\n\t\t\t\t<span  class=\"elementor-icon elementor-animation-\">\n\t\t\t\t<svg aria-hidden=\"true\" class=\"e-font-icon-svg e-fas-lock\" viewbox=\"0 0 448 512\" xmlns=\"http:\/\/www.w3.org\/2000\/svg\"><path d=\"M400 224h-24v-72C376 68.2 307.8 0 224 0S72 68.2 72 152v72H48c-26.5 0-48 21.5-48 48v192c0 26.5 21.5 48 48 48h352c26.5 0 48-21.5 48-48V272c0-26.5-21.5-48-48-48zm-104 0H152v-72c0-39.7 32.3-72 72-72s72 32.3 72 72v72z\"><\/path><\/svg>\t\t\t\t<\/span>\n\t\t\t<\/div>\n\t\t\t\n\t\t\t\t\t\t<div class=\"elementor-icon-box-content\">\n\n\t\t\t\t\t\t\t\t\t<h3 class=\"elementor-icon-box-title\">\n\t\t\t\t\t\t<span  >\n\t\t\t\t\t\t\tVerl\u00e4sslichkeit und Datenschutz\t\t\t\t\t\t<\/span>\n\t\t\t\t\t<\/h3>\n\t\t\t\t\n\t\t\t\t\t\t\t\t\t<p class=\"elementor-icon-box-description\">\n\t\t\t\t\t\tDie f\u00fcr die Anforderungen von Unternehmen entwickelten OSCOO SSDs verf\u00fcgen \u00fcber Datenschutztechnologien wie Schutz vor Stromausfall und Fehlerkorrektur, die die Integrit\u00e4t und Sicherheit der Daten bei kritischen Aufgaben gew\u00e4hrleisten. Hohe Haltbarkeit und lange Lebensdauer reduzieren die Wartungskosten und verbessern die betriebliche Effizienz.\t\t\t\t\t<\/p>\n\t\t\t\t\n\t\t\t<\/div>\n\t\t\t\n\t\t<\/div>\n\t\t\t\t<\/div>\n\t\t\t\t<\/div>\n\t\t\t\t<div class=\"elementor-element elementor-element-e2775e3 elementor-position-left elementor-vertical-align-middle elementor-view-default elementor-mobile-position-top elementor-widget elementor-widget-icon-box\" data-id=\"e2775e3\" data-element_type=\"widget\" data-widget_type=\"icon-box.default\">\n\t\t\t\t<div class=\"elementor-widget-container\">\n\t\t\t\t\t<div class=\"elementor-icon-box-wrapper\">\n\n\t\t\t\t\t\t<div class=\"elementor-icon-box-icon\">\n\t\t\t\t<span  class=\"elementor-icon elementor-animation-\">\n\t\t\t\t<svg aria-hidden=\"true\" class=\"e-font-icon-svg e-fas-medal\" viewbox=\"0 0 512 512\" xmlns=\"http:\/\/www.w3.org\/2000\/svg\"><path d=\"M223.75 130.75L154.62 15.54A31.997 31.997 0 0 0 127.18 0H16.03C3.08 0-4.5 14.57 2.92 25.18l111.27 158.96c29.72-27.77 67.52-46.83 109.56-53.39zM495.97 0H384.82c-11.24 0-21.66 5.9-27.44 15.54l-69.13 115.21c42.04 6.56 79.84 25.62 109.56 53.38L509.08 25.18C516.5 14.57 508.92 0 495.97 0zM256 160c-97.2 0-176 78.8-176 176s78.8 176 176 176 176-78.8 176-176-78.8-176-176-176zm92.52 157.26l-37.93 36.96 8.97 52.22c1.6 9.36-8.26 16.51-16.65 12.09L256 393.88l-46.9 24.65c-8.4 4.45-18.25-2.74-16.65-12.09l8.97-52.22-37.93-36.96c-6.82-6.64-3.05-18.23 6.35-19.59l52.43-7.64 23.43-47.52c2.11-4.28 6.19-6.39 10.28-6.39 4.11 0 8.22 2.14 10.33 6.39l23.43 47.52 52.43 7.64c9.4 1.36 13.17 12.95 6.35 19.59z\"><\/path><\/svg>\t\t\t\t<\/span>\n\t\t\t<\/div>\n\t\t\t\n\t\t\t\t\t\t<div class=\"elementor-icon-box-content\">\n\n\t\t\t\t\t\t\t\t\t<h3 class=\"elementor-icon-box-title\">\n\t\t\t\t\t\t<span  >\n\t\t\t\t\t\t\tWettbewerbsvorteil\t\t\t\t\t\t<\/span>\n\t\t\t\t\t<\/h3>\n\t\t\t\t\n\t\t\t\t\t\t\t\t\t<p class=\"elementor-icon-box-description\">\n\t\t\t\t\t\tVerschaffen Sie sich einen Wettbewerbsvorteil mit den SSDs von OSCOO, die einen schnelleren Datenzugriff und k\u00fcrzere Reaktionszeiten bieten und Ihnen in jedem Spiel die Oberhand verschaffen.\n\t\t\t\t\t<\/p>\n\t\t\t\t\n\t\t\t<\/div>\n\t\t\t\n\t\t<\/div>\n\t\t\t\t<\/div>\n\t\t\t\t<\/div>\n\t\t\t\t<div class=\"elementor-element elementor-element-d56990c elementor-position-left elementor-vertical-align-middle elementor-view-default elementor-mobile-position-top elementor-widget elementor-widget-icon-box\" data-id=\"d56990c\" data-element_type=\"widget\" data-widget_type=\"icon-box.default\">\n\t\t\t\t<div class=\"elementor-widget-container\">\n\t\t\t\t\t<div class=\"elementor-icon-box-wrapper\">\n\n\t\t\t\t\t\t<div class=\"elementor-icon-box-icon\">\n\t\t\t\t<span  class=\"elementor-icon elementor-animation-\">\n\t\t\t\t<svg aria-hidden=\"true\" class=\"e-font-icon-svg e-fas-arrow-alt-circle-up\" viewbox=\"0 0 512 512\" xmlns=\"http:\/\/www.w3.org\/2000\/svg\"><path d=\"M8 256C8 119 119 8 256 8s248 111 248 248-111 248-248 248S8 393 8 256zm292 116V256h70.9c10.7 0 16.1-13 8.5-20.5L264.5 121.2c-4.7-4.7-12.2-4.7-16.9 0l-115 114.3c-7.6 7.6-2.2 20.5 8.5 20.5H212v116c0 6.6 5.4 12 12 12h64c6.6 0 12-5.4 12-12z\"><\/path><\/svg>\t\t\t\t<\/span>\n\t\t\t<\/div>\n\t\t\t\n\t\t\t\t\t\t<div class=\"elementor-icon-box-content\">\n\n\t\t\t\t\t\t\t\t\t<h3 class=\"elementor-icon-box-title\">\n\t\t\t\t\t\t<span  >\n\t\t\t\t\t\t\tAu\u00dfergew\u00f6hnlicher Support und Service\t\t\t\t\t\t<\/span>\n\t\t\t\t\t<\/h3>\n\t\t\t\t\n\t\t\t\t\t\t\t\t\t<p class=\"elementor-icon-box-description\">\n\t\t\t\t\t\tOSCOO genie\u00dft einen guten Ruf und bietet einen umfassenden Kundendienst an. Wir stellen sicher, dass Unternehmenskunden w\u00e4hrend ihrer gesamten Nutzungsdauer prompte und professionelle technische Unterst\u00fctzung und L\u00f6sungen erhalten.\n\t\t\t\t\t<\/p>\n\t\t\t\t\n\t\t\t<\/div>\n\t\t\t\n\t\t<\/div>\n\t\t\t\t<\/div>\n\t\t\t\t<\/div>\n\t\t\t\t\t<\/div>\n\t\t\t\t<\/div>\n\t\t\t\t\t<\/div>\n\t\t\t\t<\/div>\n\t\t\t\t<\/div>","protected":false},"excerpt":{"rendered":"<p>Application &gt;&gt; Enterprise Enterprise SSD Enterprise In the era of digital transformation, OSCOO Enterprise SSDs offer robust solutions for data-intensive applications in servers and data [&hellip;]<\/p>\n","protected":false},"author":567,"featured_media":0,"parent":0,"menu_order":0,"comment_status":"closed","ping_status":"closed","template":"","meta":{"_acf_changed":false,"site-sidebar-layout":"no-sidebar","site-content-layout":"page-builder","ast-site-content-layout":"full-width-container","site-content-style":"default","site-sidebar-style":"default","ast-global-header-display":"","ast-banner-title-visibility":"","ast-main-header-display":"","ast-hfb-above-header-display":"","ast-hfb-below-header-display":"","ast-hfb-mobile-header-display":"","site-post-title":"disabled","ast-breadcrumbs-content":"","ast-featured-img":"disabled","footer-sml-layout":"","theme-transparent-header-meta":"","adv-header-id-meta":"","stick-header-meta":"","header-above-stick-meta":"","header-main-stick-meta":"","header-below-stick-meta":"","astra-migrate-meta-layouts":"set","ast-page-background-enabled":"default","ast-page-background-meta":{"desktop":{"background-color":"var(--ast-global-color-4)","background-image":"","background-repeat":"repeat","background-position":"center center","background-size":"auto","background-attachment":"scroll","background-type":"","background-media":"","overlay-type":"","overlay-color":"","overlay-opacity":"","overlay-gradient":""},"tablet":{"background-color":"","background-image":"","background-repeat":"repeat","background-position":"center center","background-size":"auto","background-attachment":"scroll","background-type":"","background-media":"","overlay-type":"","overlay-color":"","overlay-opacity":"","overlay-gradient":""},"mobile":{"background-color":"","background-image":"","background-repeat":"repeat","background-position":"center center","background-size":"auto","background-attachment":"scroll","background-type":"","background-media":"","overlay-type":"","overlay-color":"","overlay-opacity":"","overlay-gradient":""}},"ast-content-background-meta":{"desktop":{"background-color":"var(--ast-global-color-5)","background-image":"","background-repeat":"repeat","background-position":"center center","background-size":"auto","background-attachment":"scroll","background-type":"","background-media":"","overlay-type":"","overlay-color":"","overlay-opacity":"","overlay-gradient":""},"tablet":{"background-color":"var(--ast-global-color-5)","background-image":"","background-repeat":"repeat","background-position":"center center","background-size":"auto","background-attachment":"scroll","background-type":"","background-media":"","overlay-type":"","overlay-color":"","overlay-opacity":"","overlay-gradient":""},"mobile":{"background-color":"var(--ast-global-color-5)","background-image":"","background-repeat":"repeat","background-position":"center center","background-size":"auto","background-attachment":"scroll","background-type":"","background-media":"","overlay-type":"","overlay-color":"","overlay-opacity":"","overlay-gradient":""}},"footnotes":""},"class_list":["post-1322","page","type-page","status-publish","hentry"],"acf":[],"_links":{"self":[{"href":"https:\/\/www.oscoo.com\/de\/wp-json\/wp\/v2\/pages\/1322","targetHints":{"allow":["GET"]}}],"collection":[{"href":"https:\/\/www.oscoo.com\/de\/wp-json\/wp\/v2\/pages"}],"about":[{"href":"https:\/\/www.oscoo.com\/de\/wp-json\/wp\/v2\/types\/page"}],"author":[{"embeddable":true,"href":"https:\/\/www.oscoo.com\/de\/wp-json\/wp\/v2\/users\/567"}],"replies":[{"embeddable":true,"href":"https:\/\/www.oscoo.com\/de\/wp-json\/wp\/v2\/comments?post=1322"}],"version-history":[{"count":0,"href":"https:\/\/www.oscoo.com\/de\/wp-json\/wp\/v2\/pages\/1322\/revisions"}],"wp:attachment":[{"href":"https:\/\/www.oscoo.com\/de\/wp-json\/wp\/v2\/media?parent=1322"}],"curies":[{"name":"wp","href":"https:\/\/api.w.org\/{rel}","templated":true}]}}